{"id":1347,"date":"2020-09-21T11:25:59","date_gmt":"2020-09-21T15:25:59","guid":{"rendered":"http:\/\/www.wnccc.ca\/?page_id=1347"},"modified":"2023-05-04T16:08:14","modified_gmt":"2023-05-04T20:08:14","slug":"depistage-covid-19-requis","status":"publish","type":"page","link":"https:\/\/www.wnccc.ca\/fr\/depistage-covid-19-requis\/","title":{"rendered":"D\u00e9pistage Covid-19 Requis"},"content":{"rendered":"<h4>Parents, employ\u00e9s, pourvoyeuses et visiteurs essentiels<\/h4>\n<h3>Outil de d\u00e9pistage de la COVID-19 pour les \u00e9coles et les services de garde d\u2019enfants<\/h3>\n<p><strong>R\u00e9pondez \u00e0 toutes les questions avant de vous rendre au service de garde d\u2019enfants, aujourd\u2019hui.<\/strong><\/p>\n<h4><a href=\"https:\/\/covid-19.ontario.ca\/depistage-pour-les-ecoles\/\" target=\"_blank\" rel=\"noopener\">https:\/\/covid-19.ontario.ca\/depistage-pour-les-ecoles\/<\/a><\/h4>\n<p>Vous devez d\u00e9montrer un r\u00e9sultat n\u00e9gatif avant d\u2019entrer au service de garde d\u2019enfants.<\/p>\n<p><strong>Enregistrez votre r\u00e9sultat(PDF) ou envoyez le r\u00e9sultat \u00e0 la Superviseure du service de garde d\u2019enfants appropri\u00e9.<\/strong><\/p>\n<p>La niche des lionceaux : <a href=\"mailto:lnd@wnccc.ca\">lnd@wnccc.ca<\/a><\/p>\n<p>La tani\u00e8re des tout-petits : <a href=\"mailto:tdtp@wnccc.ca\">tdtp@wnccc.ca<\/a><\/p>\n<p>Garde en milieu familial : <a href=\"mailto:carole@wnccc.ca\">carole@wnccc.ca<\/a><\/p>\n<p>Garde centralis\u00e9e : <a href=\"mailto:cbsf@wnccc.ca\">cbsf@wnccc.ca<\/a><\/p>\n<p>Service de garde des louveteaux : <a href=\"mailto:sdgl@wnccc.ca\">sdgl@wnccc.ca<\/a><\/p>\n<p>La ruche des petites abeilles : <a href=\"mailto:rdpa@wnccc.ca\">rdpa@wnccc.ca<\/a><\/p>\n<p>La Passerelle et ON y va Centre pour l\u2019enfant et la famille : <a href=\"mailto:josee@wnccc.ca\">josee@wnccc.ca<\/a><\/p>\n<p>Reception : <a href=\"mailto:reception@wnccc.ca\">reception@wnccc.ca<\/a><\/p>\n","protected":false},"excerpt":{"rendered":"<p>Parents, employ\u00e9s, pourvoyeuses et visiteurs essentiels Outil de d\u00e9pistage de la COVID-19 pour les \u00e9coles et les services de garde&#8230;<\/p>\n","protected":false},"author":3,"featured_media":0,"parent":0,"menu_order":0,"comment_status":"closed","ping_status":"closed","template":"","meta":{"_acf_changed":false,"footnotes":""},"class_list":["post-1347","page","type-page","status-publish","hentry"],"acf":[],"_links":{"self":[{"href":"https:\/\/www.wnccc.ca\/fr\/wp-json\/wp\/v2\/pages\/1347","targetHints":{"allow":["GET"]}}],"collection":[{"href":"https:\/\/www.wnccc.ca\/fr\/wp-json\/wp\/v2\/pages"}],"about":[{"href":"https:\/\/www.wnccc.ca\/fr\/wp-json\/wp\/v2\/types\/page"}],"author":[{"embeddable":true,"href":"https:\/\/www.wnccc.ca\/fr\/wp-json\/wp\/v2\/users\/3"}],"replies":[{"embeddable":true,"href":"https:\/\/www.wnccc.ca\/fr\/wp-json\/wp\/v2\/comments?post=1347"}],"version-history":[{"count":12,"href":"https:\/\/www.wnccc.ca\/fr\/wp-json\/wp\/v2\/pages\/1347\/revisions"}],"predecessor-version":[{"id":2439,"href":"https:\/\/www.wnccc.ca\/fr\/wp-json\/wp\/v2\/pages\/1347\/revisions\/2439"}],"wp:attachment":[{"href":"https:\/\/www.wnccc.ca\/fr\/wp-json\/wp\/v2\/media?parent=1347"}],"curies":[{"name":"wp","href":"https:\/\/api.w.org\/{rel}","templated":true}]}}