{"id":194,"date":"2018-10-19T17:38:51","date_gmt":"2018-10-19T17:38:51","guid":{"rendered":"http:\/\/www.wnccc.ca\/?page_id=194"},"modified":"2026-02-17T14:19:38","modified_gmt":"2026-02-17T18:19:38","slug":"membre-du-conseil-dadministration","status":"publish","type":"page","link":"https:\/\/www.wnccc.ca\/fr\/a-propos\/membre-du-conseil-dadministration\/","title":{"rendered":"Conseil d&rsquo;administration"},"content":{"rendered":"<h3>Membres du Conseil d\u2019administration 2025-2026<\/h3>\n<section class=\"board\" aria-label=\"board\">\n<ul style=\"list-style-type: none;\">\n<li>\n<h4 style=\"margin-bottom: 0px;\">Nicole Lajeunesse<\/h4>\n<p>Pr\u00e9sidente<\/p>\n<\/li>\n<li>\n<h4 style=\"margin-bottom: 0px;\">Emilie Collins<\/h4>\n<p>Vice-Pr\u00e9sidente<\/p>\n<\/li>\n<li>\n<h4 style=\"margin-bottom: 0px;\">Esm\u00e9 Courchesne<\/h4>\n<p>Tr\u00e9sori\u00e8re<\/p>\n<\/li>\n<li>\n<h4 style=\"margin-bottom: 0px;\">\u00a0<\/h4>\n<p>Secr\u00e9taire<\/p>\n<\/li>\n<\/ul>\n<\/section>\n<h3>Directeurs<\/h3>\n<section class=\"board\" aria-label=\"board\">\n<ul style=\"list-style-type: none;\">\n<li>\n<h4>Ginette Courchesne<\/h4>\n<\/li>\n<li>\n<h4>Carole Bigras<\/h4>\n<\/li>\n<li>\u00a0<\/li>\n<li>\n<h4 style=\"margin-bottom: 0px;\">Lise C. Duhaime<\/h4>\n<p>Directrice<\/p>\n<\/li>\n<li>\n<h4 style=\"margin-bottom: 0px;\">Francine Paradis<\/h4>\n<p>Preneuse de notes<\/p>\n<\/li>\n<\/ul>\n<\/section>\n\n\n<figure class=\"wp-block-image size-large\"><img loading=\"lazy\" decoding=\"async\" width=\"1024\" height=\"791\" src=\"https:\/\/www.wnccc.ca\/wp-content\/uploads\/\/organigramme-2025-2026-1024x791.jpg\" alt=\"\" class=\"wp-image-3396\" srcset=\"https:\/\/www.wnccc.ca\/wp-content\/uploads\/organigramme-2025-2026-1024x791.jpg 1024w, https:\/\/www.wnccc.ca\/wp-content\/uploads\/organigramme-2025-2026-300x232.jpg 300w, https:\/\/www.wnccc.ca\/wp-content\/uploads\/organigramme-2025-2026-768x593.jpg 768w, https:\/\/www.wnccc.ca\/wp-content\/uploads\/organigramme-2025-2026.jpg 1056w\" sizes=\"auto, (max-width: 1024px) 100vw, 1024px\" \/><\/figure>\n","protected":false},"excerpt":{"rendered":"<p>Membres du Conseil d\u2019administration 2025-2026 Nicole Lajeunesse Pr\u00e9sidente Emilie Collins Vice-Pr\u00e9sidente Esm\u00e9 Courchesne Tr\u00e9sori\u00e8re \u00a0 Secr\u00e9taire Directeurs Ginette Courchesne Carole&#8230;<\/p>\n","protected":false},"author":1,"featured_media":754,"parent":108,"menu_order":0,"comment_status":"closed","ping_status":"closed","template":"","meta":{"_acf_changed":false,"footnotes":""},"class_list":["post-194","page","type-page","status-publish","has-post-thumbnail","hentry"],"acf":[],"_links":{"self":[{"href":"https:\/\/www.wnccc.ca\/fr\/wp-json\/wp\/v2\/pages\/194","targetHints":{"allow":["GET"]}}],"collection":[{"href":"https:\/\/www.wnccc.ca\/fr\/wp-json\/wp\/v2\/pages"}],"about":[{"href":"https:\/\/www.wnccc.ca\/fr\/wp-json\/wp\/v2\/types\/page"}],"author":[{"embeddable":true,"href":"https:\/\/www.wnccc.ca\/fr\/wp-json\/wp\/v2\/users\/1"}],"replies":[{"embeddable":true,"href":"https:\/\/www.wnccc.ca\/fr\/wp-json\/wp\/v2\/comments?post=194"}],"version-history":[{"count":36,"href":"https:\/\/www.wnccc.ca\/fr\/wp-json\/wp\/v2\/pages\/194\/revisions"}],"predecessor-version":[{"id":3404,"href":"https:\/\/www.wnccc.ca\/fr\/wp-json\/wp\/v2\/pages\/194\/revisions\/3404"}],"up":[{"embeddable":true,"href":"https:\/\/www.wnccc.ca\/fr\/wp-json\/wp\/v2\/pages\/108"}],"wp:featuredmedia":[{"embeddable":true,"href":"https:\/\/www.wnccc.ca\/fr\/wp-json\/wp\/v2\/media\/754"}],"wp:attachment":[{"href":"https:\/\/www.wnccc.ca\/fr\/wp-json\/wp\/v2\/media?parent=194"}],"curies":[{"name":"wp","href":"https:\/\/api.w.org\/{rel}","templated":true}]}}