{"id":1944,"date":"2022-03-22T14:44:10","date_gmt":"2022-03-22T18:44:10","guid":{"rendered":"http:\/\/www.wnccc.ca\/?page_id=1944"},"modified":"2026-03-11T15:11:57","modified_gmt":"2026-03-11T19:11:57","slug":"ressources","status":"publish","type":"page","link":"https:\/\/www.wnccc.ca\/fr\/ressources\/","title":{"rendered":"Ressources"},"content":{"rendered":"\n<h3 class=\"wp-block-heading\">GUIDE \u00c0 L&rsquo;INTENTION DES PARENTS<\/h3>\n\n\n\n<h4 class=\"wp-block-heading\"><a href=\"https:\/\/www.wnccc.ca\/wp-content\/uploads\/Guide-des-parents_Centres-de-garde-denfants-agrees-mar-2026.pdf\" target=\"_blank\" rel=\"noreferrer noopener\">Centres de garde d&rsquo;enfants agr\u00e9\u00e9s<\/a><\/h4>\n\n\n\n<p><a href=\"https:\/\/www.wnccc.ca\/wp-content\/uploads\/FRAIS-DES-PARENTS-GC-le-1ier-juillet-2025.pdf\" data-type=\"link\" data-id=\"https:\/\/www.wnccc.ca\/wp-content\/uploads\/FRAIS-DES-PARENTS-GC-le-1ier-janvier-2025.pdf\" target=\"_blank\" rel=\"noreferrer noopener\">FRAIS DES PARENTS le 1ier juillet 2025<\/a><\/p>\n\n\n\n<h4 class=\"wp-block-heading\"><a href=\"https:\/\/www.wnccc.ca\/wp-content\/uploads\/Guide-des-parents_Garde-MILIEU-FAMILIAL-mars-2026.pdf\" target=\"_blank\" rel=\"noreferrer noopener\">Services de garde en milieu familial<\/a><\/h4>\n\n\n\n<h3 class=\"wp-block-heading\">POLITIQUES<\/h3>\n\n\n\n<p><a href=\"https:\/\/www.wnccc.ca\/wp-content\/uploads\/Politique-en-matiere-de-programmes-et-pedagogie.pdf\" target=\"_blank\" rel=\"noopener\">Politique en mati\u00e8re de programmes et p\u00e9dagogie<\/a><\/p>\n\n\n\n<p><a href=\"https:\/\/www.wnccc.ca\/wp-content\/uploads\/Politique-en-matiere-de-pratiques-interdites.pdf\" target=\"_blank\" rel=\"noopener\">Politique en mati\u00e8re de pratiques interdites<\/a><\/p>\n\n\n\n<p><a href=\"https:\/\/www.wnccc.ca\/wp-content\/uploads\/Politique-en-matiere-de-questions-et-preoccupations-des-parents.pdf\" target=\"_blank\" rel=\"noopener\">Politique en mati\u00e8re de questions et pr\u00e9occupations des parents<\/a><\/p>\n\n\n\n<p><a href=\"https:\/\/www.wnccc.ca\/wp-content\/uploads\/Politique-en-matiere-de-la-liste-dattente-juin2022.pdf\" target=\"_blank\" rel=\"noopener\">Politique en mati\u00e8re de la liste d\u2019attente<\/a><\/p>\n\n\n\n<p><a href=\"https:\/\/www.wnccc.ca\/wp-content\/uploads\/Politique-en-matiere-des-procedures-et-de-gestion-des-situations-durgence.pdf\" target=\"_blank\" rel=\"noopener\">Politique en mati\u00e8re des proc\u00e9dures et de gestion des situations d\u2019urgence<\/a><\/p>\n\n\n\n<p><a href=\"https:\/\/www.wnccc.ca\/wp-content\/uploads\/Politique-en-matiere-de-la-supervision-du-sommeil.pdf\" target=\"_blank\" rel=\"noopener\">Politique en mati\u00e8re de la supervision du sommeil<\/a><\/p>\n\n\n\n<p><a href=\"https:\/\/www.wnccc.ca\/wp-content\/uploads\/Politique-en-matiere-dallergies-et-danaphylaxie.pdf\" target=\"_blank\" rel=\"noopener\">Politique en mati\u00e8re d&rsquo;allergies et d\u2019anaphylaxie<\/a><\/p>\n\n\n\n<p><a href=\"https:\/\/www.wnccc.ca\/wp-content\/uploads\/Politique-et-procedures-en-matiere-dincidents-graves.pdf\" target=\"_blank\" rel=\"noopener\">Politique et proc\u00e9dures en mati\u00e8re d\u2019incidents graves<\/a><\/p>\n\n\n\n<p><a href=\"https:\/\/www.wnccc.ca\/wp-content\/uploads\/POLITIQUE-SUR-LES-PRATIQUES-SANITAIRES.pdf\" target=\"_blank\" rel=\"noopener\">Politique sur les pratiques sanitaires<\/a><\/p>\n\n\n\n<p><a href=\"https:\/\/www.wnccc.ca\/wp-content\/uploads\/Final_Politique-en-matiere-dorientation-et-de-supervision-des-benevoles-des-etudiantes-et-des-etudiants-juillet-2023.pdf\" target=\"_blank\" rel=\"noreferrer noopener\">Politique en mati\u00e8re d&rsquo;orientation et de supervision des b\u00e9n\u00e9voles, des \u00e9tudiantes et des \u00e9tudiants<\/a><\/p>\n\n\n\n<p><a href=\"https:\/\/www.wnccc.ca\/wp-content\/uploads\/Final_Politique-relative-aux-plans-deau-stagnants-et-recreatifs-juillet-2023.pdf\" target=\"_blank\" rel=\"noreferrer noopener\">Politique relative aux plans d&rsquo;eau stagnants et r\u00e9cr\u00e9atifs<\/a><\/p>\n\n\n\n<p><a href=\"https:\/\/www.wnccc.ca\/wp-content\/uploads\/Politique-pour-une-arrivee-et-un-retour-en-toute-securite-Mise-a-jour-dec-2023.pdf\">Politique pour une arriv\u00e9e et un retour en toute s\u00e9curit\u00e9<\/a><\/p>\n\n\n\n<hr class=\"wp-block-separator has-alpha-channel-opacity\"\/>\n\n\n\n<h4 class=\"wp-block-heading\"><a href=\"https:\/\/www.wnccc.ca\/wp-content\/uploads\/WNCCC_Survey_CSGENO_Sondage_Parents_June_Juin_2023.pdf\" target=\"_blank\" rel=\"noreferrer noopener\">CSGENO &#8211; Sondage de satisfaction des parents, tutrices ou tuteurs<\/a><\/h4>\n","protected":false},"excerpt":{"rendered":"<p>GUIDE \u00c0 L&rsquo;INTENTION DES PARENTS Centres de garde d&rsquo;enfants agr\u00e9\u00e9s FRAIS DES PARENTS le 1ier juillet 2025 Services de garde&#8230;<\/p>\n","protected":false},"author":3,"featured_media":0,"parent":0,"menu_order":0,"comment_status":"closed","ping_status":"closed","template":"","meta":{"_acf_changed":false,"footnotes":""},"class_list":["post-1944","page","type-page","status-publish","hentry"],"acf":[],"_links":{"self":[{"href":"https:\/\/www.wnccc.ca\/fr\/wp-json\/wp\/v2\/pages\/1944","targetHints":{"allow":["GET"]}}],"collection":[{"href":"https:\/\/www.wnccc.ca\/fr\/wp-json\/wp\/v2\/pages"}],"about":[{"href":"https:\/\/www.wnccc.ca\/fr\/wp-json\/wp\/v2\/types\/page"}],"author":[{"embeddable":true,"href":"https:\/\/www.wnccc.ca\/fr\/wp-json\/wp\/v2\/users\/3"}],"replies":[{"embeddable":true,"href":"https:\/\/www.wnccc.ca\/fr\/wp-json\/wp\/v2\/comments?post=1944"}],"version-history":[{"count":26,"href":"https:\/\/www.wnccc.ca\/fr\/wp-json\/wp\/v2\/pages\/1944\/revisions"}],"predecessor-version":[{"id":3426,"href":"https:\/\/www.wnccc.ca\/fr\/wp-json\/wp\/v2\/pages\/1944\/revisions\/3426"}],"wp:attachment":[{"href":"https:\/\/www.wnccc.ca\/fr\/wp-json\/wp\/v2\/media?parent=1944"}],"curies":[{"name":"wp","href":"https:\/\/api.w.org\/{rel}","templated":true}]}}