{"id":198,"date":"2018-10-19T17:47:19","date_gmt":"2018-10-19T17:47:19","guid":{"rendered":"http:\/\/www.wnccc.ca\/?page_id=198"},"modified":"2019-09-12T16:08:47","modified_gmt":"2019-09-12T20:08:47","slug":"lhistoire","status":"publish","type":"page","link":"https:\/\/www.wnccc.ca\/fr\/a-propos\/lhistoire\/","title":{"rendered":"Historique"},"content":{"rendered":"<h3>1982<\/h3>\n<p>L\u2019Association pour l\u2019int\u00e9gration communautaire du Nipissing Ouest offre un service aux enfants de 2 \u00e0 5 ans qui ont des d\u00e9lais de d\u00e9veloppement. Ce programme existait \u00e0 l\u2019\u00e9cole secondaire Franco-Cit\u00e9 sous le nom de La Passerelle.<\/p>\n<h3>1988<\/h3>\n<p>Suite aux recommandations du Minist\u00e8re des services sociaux et communautaires (M.S.S.C.), le programme  La Passerelle est mis  sur pied afin de facilit\u00e9 l\u2019acc\u00e8s aux ressources et l\u2019 int\u00e9gration  des enfants en besoin  au syst\u00e8me scolaire. <\/p>\n<p>Le besoin d\u2019\u00e9tablir un centre multi-service de garde d\u2019enfants, selon le mod\u00e8le HUB, est propos\u00e9 au  M.S.S.C. par les membres du comit\u00e9 consultatif de La Passerelle, lors de leur renouvellement de permis.<\/p>\n<p>De son c\u00f4t\u00e9 l\u2019A.S.P.N.O. identifie \u00e9galement un besoin important d\u2019\u00e9tablir un service de garde d\u2019enfants de qualit\u00e9 dans le Nipissing Ouest. Plusieurs d\u00e9marches ont \u00e9t\u00e9 entreprises \u00e0 cet effet dans le pass\u00e9.<\/p>\n<p><strong>Septembre :<\/strong> Le Comit\u00e9 consultatif de La Passerelle et l\u2019Association des services publics du Nipissing Ouest (A.S.P.N.O.) ainsi que le M.S.S.C. se rencontrent pour former le Comit\u00e9 de planification des services de garde d\u2019enfants de Nipissing Ouest (C.P.S.G.E.N.O.).<\/p>\n<p><strong>Octobre :<\/strong> Parrain\u00e9 par l\u2019A.S.P.N.O., ce comit\u00e9 de planification se rencontre et r\u00e9dige une soumission qui sera pr\u00e9sent\u00e9e au M.S.S.C. pour l\u2019\u00e9tablissement d\u2019un centre de garde d\u2019enfants \u00e0 facettes multiples, selon le mod\u00e8le HUB.\n<\/p>\n<h3>1989<\/h3>\n<p><strong>Avril :<\/strong> Sous les auspices de l\u2019A.S.P.N.O., le C.P.S.G.E.N.O. pr\u00e9sente cette soumission au M.S.S.C.<\/p>\n<p><strong>Juin :<\/strong> Suite \u00e0 la r\u00e9vision de la soumission, le M.S.S.C.,  nous avise qu\u2019il appuie  le d\u00e9veloppement d\u2019 un service de garde d\u2019enfants tel que propos\u00e9 par le C.P.S.G.E.N.O.<\/p>\n<p>Le M.S.S.C. demande donc que la soumission initiale soit reformul\u00e9e.  Cinq soumissions  doivent \u00eatre pr\u00e9sent\u00e9es, en priorisant,  en premier lieu, \u00e9tape 1, celle d\u2019une garderie francophone au centre HUB. <\/p>\n<p>Dans le rapport int\u00e9rimaire du  Conseil des services sociaux du district de Nipissing , 68% des gens du Nipissing Ouest requiert un service de garde francophone. <\/p>\n<p><strong>Ao\u00fbt :<\/strong>  La nouvelle soumission, d\u2019une garderie francophone est compl\u00e9t\u00e9e et pr\u00e9sent\u00e9e par le C.P.S.G.E.N.O. au M.S.S.C.<\/p>\n<p><strong>Novembre :<\/strong> Le C.P.S.G.E.N.O. questionne le d\u00e9lai du M.S.S.C. \u00e0 approuver cette soumission, \u00e9tape 1.<\/p>\n<p><strong>D\u00e9cembre :<\/strong> Lettre du M.S.S.C. de la part de l\u2019honorable C. Beer approuve en principe le projet de construction du centre HUB.<\/p>\n<p>Une consultante du M.S.S.C. d\u00e9bute  le proc\u00e9ssus d\u2019obtenir un permis pour  op\u00e9rer un service de garderie francophone.<\/p>\n<h3>1990<\/h3>\n<p><strong>Avril :<\/strong> Ouverture de la garderie pr\u00e9scolaire \u201cLe Carrousel\u201d, au 75 rue Railway, Sturgeon Falls,  parrain\u00e9e par l\u2019Association pour l\u2019int\u00e9gration communautaire de Nipissing Ouest (A.I.C.N.O.). Elle consiste de 24 espaces pour les enfants de 18 mois \u00e0 cinq (5) ans.<\/p>\n<p><strong>Juin :<\/strong> Incorporation du C.P.S.G.E.N.O. qui devient la Corporation de garde d\u2019enfants du Nipissing Ouest (C.S.G.E.N.O.).<\/p>\n<p><strong>Octobre :<\/strong> Lettre de l\u2019honorable Z. Akande du M.S.S.C. confirmant que le dossier du HUB est toujours actif.<\/p>\n<p><strong>Novembre :<\/strong> Le  Conseil s\u00e9par\u00e9 des \u00e9coles catholiques du district de Nipissing signe un bail pour  l\u2019\u00e9tablissement du centre HUB sur le terrain de l\u2019\u00e9cole \u00c9cho-Jeunesse.<\/p>\n<h3>1991<\/h3>\n<p><strong>Mars :<\/strong> La municipalit\u00e9 de Sturgeon Falls  a subventionn\u00e9 douze (12) espaces dans le cadre des services de garde offerts sous la C.S.G.E.N.O.<\/p>\n<p><strong>Avril :<\/strong> Approbation du M.S.S.C.  Des fonds  sont allou\u00e9s pour l\u2019\u00e9tablissement de programmes parascolaires.<\/p>\n<p><strong>Mai :<\/strong> La C.S.G.E.N.O.  est reconnue comme un organisme de charit\u00e9 \u00e0 but non lucrative.<\/p>\n<p><strong>Juin :<\/strong> Premi\u00e8re assembl\u00e9e g\u00e9n\u00e9rale annuelle de la C.S.G.E.N.O.<\/p>\n<p><strong>Septembre :<\/strong> Ouverture de la garderie parascolaire \u201cLe ballon rouge\u201d.<\/p>\n<h3>1992<\/h3>\n<p><strong>Octobre :<\/strong> Le service de la Garde en milieu familial, est mis sur pied et  parrain\u00e9 par l\u2019agence \u201cPumpkin\u2019s Child Care\u201d de North Bay.<\/p>\n<p>Soumission remise au M.S.S.C. pour   que la Corporation soit reconnue comme \u00e9tant agr\u00e9\u00e9e.<\/p>\n<p><strong>D\u00e9cembre :<\/strong> D\u00e9signation d\u2019organisme oeuvrant en vertu de la loi 1986 sur les services en fran\u00e7ais.<\/p>\n<p>Un partenariat est cr\u00e9\u00e9  entre le le Club d\u2019\u00c2ge d\u2019Or de Sturgeon Falls et la C.S.G.E.N.O.  pour d\u00e9velopper et offrir un programme Parent-enfant.<\/p>\n<h3>1993<\/h3>\n<p><strong>F\u00e9vrier :<\/strong> Envoi de la soumission modifi\u00e9e sollicitant des fonds capitaux pour un centre multi services.<\/p>\n<p><strong>Mars :<\/strong> Annonce du Ministre, l\u2019honorable Tony Silipo, M.S.S.C.,  que  l\u2019allocation d\u2019un million de dollars sous Boulot Ontario  soit remis pour la construction d\u2019un centre multi services.<\/p>\n<p><strong>Avril :<\/strong> D\u00e9but du programme Parent-enfant.<\/p>\n<p>Transfert du programme La Passerelle de l\u2019Association pour l\u2019int\u00e9gration communautaire du Nipissing Ouest \u00e0 la Corporation.<\/p>\n<p><strong>Mai :<\/strong> Ouverture du premier foyer garderie.<\/p>\n<p><strong>Juillet :<\/strong> Embauche de la firme Osburn Associates Architects Inc. pour l\u2019\u00e9laboration du centre multi-services.<\/p>\n<p><strong>Septembre :<\/strong> D\u00e9signation de Statut de personne morale agr\u00e9\u00e9e.<\/p>\n<p><strong>Octobre :<\/strong> Espaces subventionn\u00e9s offerts par la Corporation.<\/p>\n<p>Planification strat\u00e9gique de la Corporation avec I.C.A.C.<\/p>\n<p>Protocole sign\u00e9 entre \u00ab Infant Development \u00bb et le programme La Passerelle pour adresser les besoins de l\u2019enfant qui d\u00e9montre un risque \u00e0 son d\u00e9veloppement.<\/p>\n<p><strong>Novembre :<\/strong> Permis re\u00e7u pour op\u00e9rer le service de la Garde en milieu familial.<\/p>\n<h3>1994<\/h3>\n<p><strong>Mars :<\/strong> Embauche de la firme d\u2019entrepreneur g\u00e9n\u00e9ral de la construction Tribury Construction Ltd.<\/p>\n<p><strong>Avril :<\/strong> C\u00e9r\u00e9monie de la premi\u00e8re pellet\u00e9e et le d\u00e9but de la construction du centre multi-services.<\/p>\n<p><strong>Novembre :<\/strong> Embauche du nouveau personnel.<\/p>\n<p><strong>D\u00e9cembre :<\/strong> Entr\u00e9e en fonction au centre multi-services. D\u00e9m\u00e9nagement des services sous un toit. Transfert des op\u00e9rations de la Joujouth\u00e8que du Club d\u2019\u00c2ge d\u2019Or &#8211; Sturgeon Falls \u00e0 la Corporation.<\/p>\n<h3>1995<\/h3>\n<p><strong>Janvier :<\/strong> Entr\u00e9e des enfants dans le service de la Garde centralis\u00e9e. Capacit\u00e9 de 115 enfants.<\/p>\n<p><strong>Avril :<\/strong> Ouverture officielle du centre multi-services.<\/p>\n<h3>1996<\/h3>\n<p><strong>Janvier :<\/strong> Mise sur pied d\u2019un r\u00e9seau d\u2019appui parental sous le nom \u00ab Un meilleur avenir pour les familles de Nipissing Ouest \u00bb.<\/p>\n<p><strong>Mai :<\/strong> Cours de \u00ab Active Parenting Today Canada \u00bb offert par la Corporation.<\/p>\n<h3>1997<\/h3>\n<p><strong>Janvier :<\/strong> Restructuration du conseil d\u2019administration \u00e0 une m\u00e9thode de gouvernance.<\/p>\n<h3>1998<\/h3>\n<p><strong>Avril :<\/strong> Ouverture d\u2019un service de garde centralis\u00e9e \u00e0 Verner. Capacit\u00e9 de 22 enfants.<\/p>\n<p>Ao\u00fbt Restructuration au niveau de l\u2019administration de la Corporation.<\/p>\n<h3>1999<\/h3>\n<p><strong>Mai :<\/strong> Partenariat cr\u00e9\u00e9 avec le Conseil Scolaire Near North pour offrir le programme Piste.<\/p>\n<h3>2000<\/h3>\n<p><strong>Janvier :<\/strong> Transfert du minist\u00e8re des Services sociaux et communautaires au Conseil d\u2019administration des services sociaux du district de Nipissing.<\/p>\n<p><strong>Juin :<\/strong> Le service de Garde centralis\u00e9e de Verner d\u00e9m\u00e9nage \u00e0 un nouvel emplacement. Capacit\u00e9 de 49 enfants.<\/p>\n<h3>2001<\/h3>\n<p><strong>Septembre :<\/strong> Partenariat cr\u00e9\u00e9 entre le Conseil d\u2019administration des services sociaux du district de Manitoulin-Sudbury et la Corporation des services de garde d\u2019enfants de Nipissing Ouest afin d\u2019 offrir les services de Garde en milieu familial aux parents  dans la r\u00e9gion de l\u2019Est de Sudbury.<\/p>\n<h3>2002<\/h3>\n<p><strong>Septembre :<\/strong> Ouverture de deux foyers garderies dans la r\u00e9gion de l\u2019Est de Sudbury.<\/p>\n<p>Service de garde dans les \u00e9coles St-Joseph et La R\u00e9surrection sont offerts aux  enfants de 4 \u00e0 12 ans.<\/p>\n<p>Le Centre de ressources de la Corporation devient le site satellite du Centre de la petite enfance de l\u2019Ontario pour la r\u00e9gion de Nipissing Ouest.<\/p>\n<p>Ouverture d\u2019un centre de ressources dans la communaut\u00e9 de Verner avec l\u2019appui financier du C.P.E.O. de North Bay.<\/p>\n<h3>2005<\/h3>\n<p><strong>Septembre :<\/strong> Ouverture d\u2019un service pour enfant d\u2019\u00e2ge scolaire \u00e0 l\u2019\u00e9cole publique Jeunesse Active.<\/p>\n<h3>2006<\/h3>\n<p><strong>Septembre :<\/strong> Sous l\u2019initiative du programme Meilleur d\u00e9part, un nouveau service de garde \u00ab La tani\u00e8re des tout-petits \u00bb ouvre ses portes afin de desservir les enfants \u00e2g\u00e9s de 18 \u00e0 38 mois. Ce nouveau service a \u00e9t\u00e9 cr\u00e9\u00e9 en partenariat avec le Conseil scolaire public du Nord-Est de l\u2019Ontario. Le service de garde se situe \u00e0 l\u2019\u00e9cole publique Jeunesse Active. Ce service est licenci\u00e9 pour une capacit\u00e9 maximale de 16 enfants.<\/p>\n<h3>2007<\/h3>\n<p><strong>Septembre :<\/strong> Ouverture d\u2019un service de garde avant et apr\u00e8s l\u2019\u00e9cole , dans la communaut\u00e9 de Verner, \u00e0 l\u2019\u00e9cole Ste Margureite d\u2019Youville.<\/p>\n<h3>2008<\/h3>\n<p><strong>Janvier :<\/strong> D\u00e9m\u00e9nagement du service de garde de Verner, \u00e0 l\u2019\u00e9cole Ste-Marguerite d\u2019Youville . Le service, maintenant nomm\u00e9 La ruche des petites abeilles, ouvre officiellement ses portes, le 6 octobre 2008. Ce nouvel emplacement a \u00e9t\u00e9 cr\u00e9\u00e9 en partenariat avec le Conseil scolaire catholique Franco-Nord. Ce service est licenci\u00e9 pour une capacit\u00e9 maximale de 19 enfants \u00e2g\u00e9s de 15 mois \u00e0 l\u2019\u00e2ge scolaire.<\/p>\n<h3>2008<\/h3>\n<p><strong>Octobre :<\/strong> D\u00e9m\u00e9nagement du service de garde de Verner, \u00e0 l\u2019\u00e9cole Ste-Marguerite d\u2019Youville . Le service, maintenant nomm\u00e9 La ruche des petites abeilles, ouvre officiellement ses portes, le 6 octobre 2008. Ce nouvel emplacement a \u00e9t\u00e9 d\u00e9velopp\u00e9 en partenariat avec le Conseil scolaire catholique Franco-Nord. Ce service est licenci\u00e9 pour une capacit\u00e9 maximale de 19 enfants \u00e2g\u00e9s de 15 mois \u00e0 l\u2019\u00e2ge scolaire.<\/p>\n<h3>2009<\/h3>\n<p><strong>Mai :<\/strong> Lancement du nouveau site web de la Corporation : www.wnccc.ca<\/p>\n<h3>2010<\/h3>\n<p>Changement de nom du service Centre de ressources au Centre pour l\u2019enfant et la famille.<\/p>\n<h3>2011<\/h3>\n<p><strong>F\u00e9vrier :<\/strong> Ouverture d\u2019un nouveau service de garde \u00ab Le service de garde des Louveteaux \u00bb \u00e0 l\u2019\u00e9cole \u00e9l\u00e9mentaire catholique Saint-Joseph. Ce nouveau service a \u00e9t\u00e9 cr\u00e9\u00e9 en partenariat avec le Conseil scolaire catholique Franco-Nord. Ce service est licenci\u00e9 pour une capacit\u00e9 de 15 bambins, 24 pr\u00e9scolaires et 60 enfants d\u2019\u00e2ge scolaire.<\/p>\n<h3>2012<\/h3>\n<p><strong>Janvier :<\/strong> Un nouveau mod\u00e8le du service de Consultantes en ressources d\u00e9bute afin de desservir tous les enfants inscrits dans un service de garde licenci\u00e9 et r\u00e9cr\u00e9atif.<\/p>\n<p>La g\u00e9rance du licenciement et  l\u2019assurance de qualit\u00e9 des services de garde sont  transf\u00e9r\u00e9es du Minist\u00e8re des services \u00e0 l\u2019enfance et \u00e0 la jeunesse au Minist\u00e8re de l\u2019\u00e9ducation.<\/p>\n<p><strong>Septembre :<\/strong> Ouverture d\u2019un nouveau service de garde apr\u00e8s l\u2019\u00e9cole,  \u00e0 l\u2019\u00e9cole \u00e9l\u00e9mentaire publique White Woods. Un partenariat entre la Corporation des services de garde d\u2019enfants de Nipissing Ouest et le \u00ab Near North District School Board \u00bb. Ce service est licenci\u00e9 pour un maximum de 30 enfants d\u2019\u00e2ge scolaire.<\/p>\n<h3>2013<\/h3>\n<p><strong>Mars :<\/strong> Le Conseil d\u2019administration des services sociaux du district de Nipissing signe une entente avec le Conseil scolaire public du Nord-Est de l\u2019Ontario pour le projet \u00ab Les \u00e9coles d\u2019abord \u00bb afin de  s\u00e9curiser des fonds d\u2019immobilisation destin\u00e9s \u00e0 l\u2019am\u00e9nagement des locaux pour la garde d\u2019enfants \u00e0 l\u2019\u00e9cole publique Jeunesse Active. Cette entente a pour but d\u2019augmenter le nombre d\u2019enfants qui fr\u00e9quente le  service de  La tani\u00e8re des tout-petits.<\/p>\n<h3>2014<\/h3>\n<p><strong>Septembre :<\/strong> Ouverture d\u2019un nouveau service de garde \u00ab La niche des Lionceaux \u00bb \u00e0 l\u2019\u00e9cole La R\u00e9surrection. Ce nouveau service pleine journ\u00e9e a \u00e9t\u00e9 mis sur pied en partenariat avec le Conseil scolaire catholique Franco-Nord. Ce service est licenci\u00e9 pour une capacit\u00e9 de 10 bambins, 40 pr\u00e9scolaires et 30 enfants d\u2019\u00e2ge scolaire.<\/p>\n<p>Ouverture d\u2019un nouveau service de garde avant et apr\u00e8s l\u2019\u00e9cole \u00e0 l\u2019\u00e9cole Christ-Roi. Un  partenariat entre la Corporation des services de garde d\u2019enfants de Nipissing Ouest et le Conseil scolaire catholique Franco-Nord. Ce service est licenci\u00e9 pour un maximum de 30 enfants d\u2019\u00e2ge scolaire.<\/p>\n<h3>2015<\/h3>\n<p><strong>Mars :<\/strong> Fermeture du service de garde avant et apr\u00e8s l\u2019\u00e9cole \u00e0 Christ Roi.<\/p>\n<p><strong>Juillet :<\/strong> Le service de garde La tani\u00e8re des tout-petits d\u00e9m\u00e9nage dans les nouveaux locaux \u00e0 l\u2019\u00e9cole publique Jeunesse Active.<\/p>\n<h3>2018<\/h3>\n<p>Le nouveau programme ON y va-Centre pour l\u2019enfant et la famille remplace l\u2019ancien progamme Centre pour l\u2019enfant et la famille. Une nouvelle programmation est offerte aux enfants de 0 \u00e0 4 ans, au site principal et dans les garderies des \u00e9coles du Nipissing Ouest.<\/p>\n","protected":false},"excerpt":{"rendered":"<p>1982 L\u2019Association pour l\u2019int\u00e9gration communautaire du Nipissing Ouest offre un service aux enfants de 2 \u00e0 5 ans qui ont&#8230;<\/p>\n","protected":false},"author":1,"featured_media":764,"parent":108,"menu_order":0,"comment_status":"closed","ping_status":"closed","template":"","meta":{"_acf_changed":false,"footnotes":""},"class_list":["post-198","page","type-page","status-publish","has-post-thumbnail","hentry"],"acf":[],"_links":{"self":[{"href":"https:\/\/www.wnccc.ca\/fr\/wp-json\/wp\/v2\/pages\/198","targetHints":{"allow":["GET"]}}],"collection":[{"href":"https:\/\/www.wnccc.ca\/fr\/wp-json\/wp\/v2\/pages"}],"about":[{"href":"https:\/\/www.wnccc.ca\/fr\/wp-json\/wp\/v2\/types\/page"}],"author":[{"embeddable":true,"href":"https:\/\/www.wnccc.ca\/fr\/wp-json\/wp\/v2\/users\/1"}],"replies":[{"embeddable":true,"href":"https:\/\/www.wnccc.ca\/fr\/wp-json\/wp\/v2\/comments?post=198"}],"version-history":[{"count":18,"href":"https:\/\/www.wnccc.ca\/fr\/wp-json\/wp\/v2\/pages\/198\/revisions"}],"predecessor-version":[{"id":947,"href":"https:\/\/www.wnccc.ca\/fr\/wp-json\/wp\/v2\/pages\/198\/revisions\/947"}],"up":[{"embeddable":true,"href":"https:\/\/www.wnccc.ca\/fr\/wp-json\/wp\/v2\/pages\/108"}],"wp:featuredmedia":[{"embeddable":true,"href":"https:\/\/www.wnccc.ca\/fr\/wp-json\/wp\/v2\/media\/764"}],"wp:attachment":[{"href":"https:\/\/www.wnccc.ca\/fr\/wp-json\/wp\/v2\/media?parent=198"}],"curies":[{"name":"wp","href":"https:\/\/api.w.org\/{rel}","templated":true}]}}