{"id":2004,"date":"2018-10-19T14:40:51","date_gmt":"2018-10-19T14:40:51","guid":{"rendered":"http:\/\/www.wnccc.ca\/?page_id=2004"},"modified":"2026-02-09T17:24:55","modified_gmt":"2026-02-09T21:24:55","slug":"carrieres","status":"publish","type":"page","link":"https:\/\/www.wnccc.ca\/fr\/a-propos\/carrieres\/","title":{"rendered":"Carri\u00e8res"},"content":{"rendered":"\n<h3 class=\"wp-block-heading\">ANNONCE DE POSTE INTERNE\/ EXTERNE<\/h3>\n\n\n\n<p>La Corporation des services de garde d\u2019enfants de Nipissing Ouest invite des candidatures pour combler<br><strong>1 poste de Praticienne de la petite enfance-programme ON y va<\/strong><br>21 heures semaine<br>25.90$-26.60$ l\u2019heure (qualifi\u00e9)<br>Date d\u2019entr\u00e9e en fonction d\u00e8s que possible<\/p>\n\n\n\n<p><strong>SOMMAIRE DU POSTE<\/strong><\/p>\n\n\n\n<p>Sous la direction g\u00e9n\u00e9rale de la superviseure, effectuer les op\u00e9rations journali\u00e8res du Centre pour la petite enfance selon les politiques du service et conform\u00e9ment aux politiques et proc\u00e9dures de la Corporation des services de garde d\u2019enfants de Nipissing Ouest.<\/p>\n\n\n\n<p><strong>EXIGENCE DU POSTE<\/strong><\/p>\n\n\n\n<ul class=\"wp-block-list\">\n<li>Dipl\u00f4me en \u00c9ducation en services \u00e0 l\u2019enfance&nbsp;<\/li>\n\n\n\n<li>Certificat d\u2019enregistrement aupr\u00e8s de l\u2019Ordre des \u00e9ducatrices de la petite enfance (OEPE)<\/li>\n\n\n\n<li>Exp\u00e9rience de travail d\u2019un minimum de 6 mois avec des familles et des enfants<\/li>\n\n\n\n<li>Connaissances th\u00e9orique et pratique du d\u00e9veloppement de l\u2019enfant<\/li>\n\n\n\n<li>Certificat de premiers soins et RCR valable<\/li>\n\n\n\n<li>Permis de conduire valable et acc\u00e8s \u00e0 une automobile<\/li>\n\n\n\n<li>Motiv\u00e9 et capable de prendre des initiatives<\/li>\n\n\n\n<li>Habilet\u00e9 de travailler en \u00e9quipe<\/li>\n\n\n\n<li>Habilet\u00e9 de soulever et transporter de l\u2019\u00e9quipement<\/li>\n\n\n\n<li>Habilet\u00e9 de communication en fran\u00e7ais et anglais, \u00e0 l\u2019oral et \u00e0 l\u2019\u00e9crit<\/li>\n\n\n\n<li>Relev\u00e9 des ant\u00e9c\u00e9dents criminels et la v\u00e9rification de l\u2019aptitude \u00e0 travailler aupr\u00e8s de personnes vuln\u00e9rables et les d\u00e9clarations d\u2019infractions<\/li>\n<\/ul>\n\n\n\n<p><strong>RESPONSABILIT\u00c9S<\/strong><\/p>\n\n\n\n<ul class=\"wp-block-list\">\n<li>Organiser et animer des sessions de groupe de jeux \u00e0 l\u2019int\u00e9rieur, l\u2019ext\u00e9rieur, en soir\u00e9e et au besoin, pendant la fin de semaine&nbsp;<\/li>\n\n\n\n<li>Organiser et animer des programmes virtuels<\/li>\n\n\n\n<li>Planifier et faire la mise en \u0153uvre des programmes<\/li>\n\n\n\n<li>Nettoyer et d\u00e9sinfecter l\u2019\u00e9quipement et les jouets<\/li>\n\n\n\n<li>Maintenir une liste active de clients&nbsp;: inscriptions, renouvellements, participation, \u00e9valuations et statistiques ERAM<\/li>\n\n\n\n<li>Ex\u00e9cuter toutes autres t\u00e2ches relatives telles qu\u2019assign\u00e9es par la superviseure<\/li>\n\n\n\n<li>Maintenir un statut professionnel et confidentiel en tout temps<\/li>\n<\/ul>\n\n\n\n<p>Veuillez faire parvenir votre demande par \u00e9crit au&nbsp;:<br>131, rue Michaud, Sturgeon Falls On P2B 1B9<br>Attention&nbsp;: Jos\u00e9e Drouin, Superviseure<\/p>\n\n\n\n<p>Nous vous remercions de votre candidature.&nbsp; Toutefois, nous ne communiquerons qu\u2019avec les candidats et candidates convoqu\u00e9s en entrevue<\/p>\n\n\n\n<div style=\"height:25px\" aria-hidden=\"true\" class=\"wp-block-spacer\"><\/div>\n\n\n\n<hr class=\"wp-block-separator has-alpha-channel-opacity\"\/>\n\n\n\n<div style=\"height:25px\" aria-hidden=\"true\" class=\"wp-block-spacer\"><\/div>\n\n\n\n<h3 class=\"wp-block-heading\">ANNONCE DE POSTE INTERNE\/EXTERNE<\/h3>\n\n\n\n<p>La Corporation des services de garde d\u2019enfants de Nipissing Ouest invite des candidatures pour combler&nbsp;:<\/p>\n\n\n\n<p>un&nbsp; poste \u00e0 temps plein de cuisini\u00e8re&nbsp;<br><strong>au service de la Niche des lionceaux<\/strong><br>20 heures semaine<br>r\u00e9mun\u00e9ration 22.70$ \u2013 23.10$&nbsp;<\/p>\n\n\n\n<p><strong><em>Date d\u2019entr\u00e9e en fonction&nbsp;: d\u00e8s que possible&nbsp;<\/em><\/strong><\/p>\n\n\n\n<p><strong>SOMMAIRE DU POSTE<\/strong><br><br>Sous la g\u00e9rance&nbsp; de la surveillante, effectuer les op\u00e9rations journali\u00e8res de la cuisine selon les politiques du service et conform\u00e9ment aux politiques et proc\u00e9dures de la Corporation des services de garde d\u2019enfants de Nipissing Ouest.<\/p>\n\n\n\n<p><strong>EXIGENCE DU POSTE<\/strong><\/p>\n\n\n\n<ul class=\"wp-block-list\">\n<li>Dipl\u00f4me d\u2019\u00e9tude secondaire &nbsp;<\/li>\n\n\n\n<li>Exp\u00e9rience de travail (minimum de six) mois dans un domaine reli\u00e9 \u00e0 la pr\u00e9paration des repas pour un groupe de vingt personnes minimum<\/li>\n\n\n\n<li>Bonne connaissance du Guide Alimentaire Canadien<\/li>\n\n\n\n<li>Certificat de premiers soins et RCR valable<\/li>\n\n\n\n<li>Certificat de s\u00e9curit\u00e9 alimentaire \u00ab&nbsp;Food Handler Certificate Program&nbsp;\u00bb<\/li>\n\n\n\n<li>Permis de conduire valable et acc\u00e8s \u00e0 une automobile<\/li>\n\n\n\n<li>Habilet\u00e9 de travailler en \u00e9quipe<\/li>\n\n\n\n<li>Habilet\u00e9 de communication en fran\u00e7ais et en anglais<\/li>\n\n\n\n<li>La v\u00e9rification des ant\u00e9c\u00e9dents judiciaires ainsi que la v\u00e9rification du secteur vuln\u00e9rable \u00e0 jour<\/li>\n<\/ul>\n\n\n\n<p><strong>RESPONSABILIT\u00c9S<\/strong><\/p>\n\n\n\n<ul class=\"wp-block-list\">\n<li>Planifier, confectionner, pr\u00e9senter et maintenir des menus et repas \u00e9quilibr\u00e9s qui rencontrent les normes du Guide Alimentaire Canadien<\/li>\n\n\n\n<li>Magasiner tout en planifiant et tenant compte du budget&nbsp;<\/li>\n\n\n\n<li>S\u2019assurer que l\u2019\u00e9quipement, le plancher et la cuisine sont propres et en bonne \u00e9tat<\/li>\n\n\n\n<li>Nettoyer et d\u00e9sinfecter la vaisselle et l\u2019\u00e9quipement tel que sp\u00e9cifi\u00e9 aux crit\u00e8res du Bureau de sant\u00e9<\/li>\n\n\n\n<li>D\u00e9montrer et maintenir une communication et des relations interpersonnelles ouvertes et positives<\/li>\n\n\n\n<li>Ex\u00e9cuter toutes autres t\u00e2ches relatives telles qu\u2019assign\u00e9es par la surveillante<\/li>\n\n\n\n<li>Maintenir un statut professionnel et confidentiel en tout temps<\/li>\n<\/ul>\n\n\n\n<p><strong>NOUS VOUS REMERCIONS DE VOTRE CANDIDATURE.&nbsp; TOUTEFOIS, NOUS NE COMMUNIQUERONS QU\u2019AVEC LES CANDIDATS ET LES CANDIDATES CONVOQU\u00c9S EN ENTREVUE.<\/strong><\/p>\n\n\n\n<p>Veuillez faire parvenir votre demande par \u00e9crit \u00e0&nbsp;<\/p>\n\n\n\n<p>Lucie Brosseau&nbsp;<strong>: &nbsp; &nbsp; lndl@wnccc.ca&nbsp; Superviseure<\/strong><\/p>\n\n\n\n<div style=\"height:25px\" aria-hidden=\"true\" class=\"wp-block-spacer\"><\/div>\n\n\n\n<hr class=\"wp-block-separator has-alpha-channel-opacity\"\/>\n\n\n\n<div style=\"height:25px\" aria-hidden=\"true\" class=\"wp-block-spacer\"><\/div>\n\n\n\n<p>ANNONCE DE POSTE INTERNE\/EXTERNE<\/p>\n\n\n\n<p><strong>Affichage de postes \u00e9ducateurs 9 janvier 2025<\/strong><\/p>\n\n\n\n<p><strong>Poste :<\/strong> \u00c9ducateurs-\u00e9ducatrices de la petite enfance, qualifi\u00e9s et non-qualifi\u00e9s<\/p>\n\n\n\n<p>Postes \u00e0 temps partiel de 0 \u00e0 35 heures semaine<\/p>\n\n\n\n<p><strong>R\u00e9mun\u00e9ration :<\/strong> Non-qualifi\u00e9 : 19,55$ &#8211; Qualifi\u00e9 : 23,90$-24,60$<\/p>\n\n\n\n<p>Les centres \u00e9ducatifs offrent des services de garde aux enfants de 0 \u00e0 12 ans.&nbsp; Nous embauchons des gens d\u00e9vou\u00e9s, qui aiment travailler en \u00e9quipe et faire une diff\u00e9rence dans la vie des enfants et leurs familles.<\/p>\n\n\n\n<p><strong>R\u00f4le et responsabilit\u00e9s :<\/strong><\/p>\n\n\n\n<ul class=\"wp-block-list\">\n<li>Planifie et assure la mise en \u0153uvre des programmes enrichis du document ressource \u00ab Comment apprend-on? \u00bb&nbsp;<\/li>\n\n\n\n<li>Assure la supervision, la sant\u00e9 et le bien-\u00eatre de tous les enfants.<\/li>\n\n\n\n<li>Pr\u00e9conise une communication ouverte, coop\u00e8re avec les parents, les partenaires communautaires et les membres de l\u2019\u00e9quipe.<\/li>\n\n\n\n<li>Partage de fa\u00e7on continue, les documents et informations pertinentes avec les parents et les membres de l\u2019\u00e9quipe<\/li>\n<\/ul>\n\n\n\n<p><strong>Qualifications :<\/strong><\/p>\n\n\n\n<ul class=\"wp-block-list\">\n<li>Dipl\u00f4me d\u2019\u00e9tude d\u2019\u00e9ducation de la petite enfance<\/li>\n\n\n\n<li>Inscrit et en r\u00e8gle avec le coll\u00e8ge de l\u2019EPEO<\/li>\n\n\n\n<li>Exp\u00e9rience de travail avec les enfants de 0 \u00e0 12 ans<\/li>\n\n\n\n<li>Certificat actuel de secourisme-secourisme g\u00e9n\u00e9ral et RCR<\/li>\n\n\n\n<li>V\u00e9rification des ant\u00e9c\u00e9dents du secteur vuln\u00e9rable actuel<\/li>\n\n\n\n<li>Bonne communication en fran\u00e7ais et en anglais \u00e0 l\u2019oral et \u00e0 l\u2019\u00e9crit.<\/li>\n<\/ul>\n\n\n\n<p>Heures d\u2019ouverture :&nbsp; 6h00 \u00e0 18h00, du lundi au vendredi (varie selon le centre \u00e9ducatif)<\/p>\n\n\n\n<p>Tous les candidats int\u00e9ress\u00e9s sont invit\u00e9s \u00e0 remettre leur curriculum vitae ainsi qu\u2019une lettre de pr\u00e9sentation \u00e0 l\u2019attention de Lise C. Duhaime Direction g\u00e9n\u00e9rale <a href=\"mailto:lise@wnccc.ca\">lise@wnccc.ca<\/a><\/p>\n\n\n\n<hr class=\"wp-block-separator has-css-opacity\"\/>\n","protected":false},"excerpt":{"rendered":"<p>ANNONCE DE POSTE INTERNE\/ EXTERNE La Corporation des services de garde d\u2019enfants de Nipissing Ouest invite des candidatures pour combler1&#8230;<\/p>\n","protected":false},"author":1,"featured_media":0,"parent":108,"menu_order":0,"comment_status":"closed","ping_status":"closed","template":"","meta":{"_acf_changed":false,"footnotes":""},"class_list":["post-2004","page","type-page","status-publish","hentry"],"acf":[],"_links":{"self":[{"href":"https:\/\/www.wnccc.ca\/fr\/wp-json\/wp\/v2\/pages\/2004","targetHints":{"allow":["GET"]}}],"collection":[{"href":"https:\/\/www.wnccc.ca\/fr\/wp-json\/wp\/v2\/pages"}],"about":[{"href":"https:\/\/www.wnccc.ca\/fr\/wp-json\/wp\/v2\/types\/page"}],"author":[{"embeddable":true,"href":"https:\/\/www.wnccc.ca\/fr\/wp-json\/wp\/v2\/users\/1"}],"replies":[{"embeddable":true,"href":"https:\/\/www.wnccc.ca\/fr\/wp-json\/wp\/v2\/comments?post=2004"}],"version-history":[{"count":19,"href":"https:\/\/www.wnccc.ca\/fr\/wp-json\/wp\/v2\/pages\/2004\/revisions"}],"predecessor-version":[{"id":3380,"href":"https:\/\/www.wnccc.ca\/fr\/wp-json\/wp\/v2\/pages\/2004\/revisions\/3380"}],"up":[{"embeddable":true,"href":"https:\/\/www.wnccc.ca\/fr\/wp-json\/wp\/v2\/pages\/108"}],"wp:attachment":[{"href":"https:\/\/www.wnccc.ca\/fr\/wp-json\/wp\/v2\/media?parent=2004"}],"curies":[{"name":"wp","href":"https:\/\/api.w.org\/{rel}","templated":true}]}}