{"id":204,"date":"2018-10-19T17:52:25","date_gmt":"2018-10-19T17:52:25","guid":{"rendered":"http:\/\/www.wnccc.ca\/?page_id=204"},"modified":"2019-09-12T16:08:39","modified_gmt":"2019-09-12T20:08:39","slug":"mission","status":"publish","type":"page","link":"https:\/\/www.wnccc.ca\/fr\/a-propos\/mission\/","title":{"rendered":"Mission"},"content":{"rendered":"<h2>Mission<\/h2>\n<p>La Corporation des services de garde d\u2019enfants de Nipissing Ouest est un organisme \u00e0 but non lucratif, qui est d\u00e9di\u00e9 \u00e0 offrir des programmes et des services de haute qualit\u00e9, inclusifs et acc\u00e9s sur les besoins des enfants et des familles du Nipissing Ouest et de l\u2019Est de Sudbury.<\/p>\n<h2>Vision<\/h2>\n<p>Les enfants, les familles, le personnel et les pourvoyeuses sont des personnes , comp\u00e9tentes, capables de r\u00e9flexion complexe, remplies de curiosit\u00e9 et ayant beaucoup de potentiel. Nous offrons des programmes ax\u00e9s sur le jeu, qui favorisent le d\u00e9veloppement des forces et le potentiel de chaque enfant. La planification des activit\u00e9s est bas\u00e9e sur le co-enseignement, le curriculum \u00e9mergent et l\u2019apprentissage par le jeu. Nous concevons des environnements qui incorporent la nature, qui encouragent la cr\u00e9ativit\u00e9, l\u2019exploration, la diversit\u00e9, l\u2019 \u00e9quit\u00e9 et l\u2019inclusion.<\/p>\n<h2>Engagement<\/h2>\n<p>Nous trouverons un moyen pour  que chaque enfant r\u00e9ussisse.<\/p>\n<p>&nbsp;<\/p>\n<p><img decoding=\"async\" src=\"http:\/\/www.wnccc.ca\/wp-content\/uploads\/2019\/05\/Program_Statement_FR.jpg\"><\/p>\n","protected":false},"excerpt":{"rendered":"<p>Mission La Corporation des services de garde d\u2019enfants de Nipissing Ouest est un organisme \u00e0 but non lucratif, qui est&#8230;<\/p>\n","protected":false},"author":1,"featured_media":772,"parent":108,"menu_order":0,"comment_status":"closed","ping_status":"closed","template":"","meta":{"_acf_changed":false,"footnotes":""},"class_list":["post-204","page","type-page","status-publish","has-post-thumbnail","hentry"],"acf":[],"_links":{"self":[{"href":"https:\/\/www.wnccc.ca\/fr\/wp-json\/wp\/v2\/pages\/204","targetHints":{"allow":["GET"]}}],"collection":[{"href":"https:\/\/www.wnccc.ca\/fr\/wp-json\/wp\/v2\/pages"}],"about":[{"href":"https:\/\/www.wnccc.ca\/fr\/wp-json\/wp\/v2\/types\/page"}],"author":[{"embeddable":true,"href":"https:\/\/www.wnccc.ca\/fr\/wp-json\/wp\/v2\/users\/1"}],"replies":[{"embeddable":true,"href":"https:\/\/www.wnccc.ca\/fr\/wp-json\/wp\/v2\/comments?post=204"}],"version-history":[{"count":9,"href":"https:\/\/www.wnccc.ca\/fr\/wp-json\/wp\/v2\/pages\/204\/revisions"}],"predecessor-version":[{"id":946,"href":"https:\/\/www.wnccc.ca\/fr\/wp-json\/wp\/v2\/pages\/204\/revisions\/946"}],"up":[{"embeddable":true,"href":"https:\/\/www.wnccc.ca\/fr\/wp-json\/wp\/v2\/pages\/108"}],"wp:featuredmedia":[{"embeddable":true,"href":"https:\/\/www.wnccc.ca\/fr\/wp-json\/wp\/v2\/media\/772"}],"wp:attachment":[{"href":"https:\/\/www.wnccc.ca\/fr\/wp-json\/wp\/v2\/media?parent=204"}],"curies":[{"name":"wp","href":"https:\/\/api.w.org\/{rel}","templated":true}]}}