{"id":206,"date":"2018-10-19T17:53:00","date_gmt":"2018-10-19T17:53:00","guid":{"rendered":"http:\/\/www.wnccc.ca\/?page_id=206"},"modified":"2019-09-12T16:08:26","modified_gmt":"2019-09-12T20:08:26","slug":"partenaires","status":"publish","type":"page","link":"https:\/\/www.wnccc.ca\/fr\/a-propos\/partenaires\/","title":{"rendered":"Partenaires"},"content":{"rendered":"<ul>\n<li><a href=\"https:\/\/cspne.ca\" target=\"_blank\">Conseil Scolaire Publique du Nord-est de l\u2019Ontario<\/a><\/li>\n<li><a href=\"https:\/\/www.franco-nord.ca\" target=\"_blank\">Conseil Scolaire Catholique Franco-nord<\/a><\/li>\n<li><a href=\"https:\/\/www.nearnorthschools.ca\" target=\"_blank\">Near North District School Board<\/a><\/li>\n<li><a href=\"https:\/\/www.npsc.ca\" target=\"_blank\">Nipissing Parry Sound Catholic School Board<\/a><\/li>\n<li><a href=\"http:\/\/www.onigaming.ca\/childcare\" target=\"_blank\">Ojibway Daycare<\/a><\/li>\n<li><a href=\"https:\/\/www.nfn.ca\/childrens-services\/\" target=\"_blank\">Couchie Memorial Daycare<\/a><\/li>\n<li><a href=\"https:\/\/www.ontario.ca\/fr\/page\/ministere-de-leducation\" target=\"_blank\">le Mist\u00e8re de l\u2019\u00c9ducation<\/a><\/li>\n<li><a href=\"https:\/\/dnssab.ca\/fr\/\" target=\"_blank\">Conseil d\u2019Adminsitration des Services Sociaux du District de Nipissing<\/a><\/li>\n<li><a href=\"https:\/\/www.onekidsplace.ca\/fr\/\" target=\"_blank\">La Place des Enfants<\/a><\/li>\n<li><a href=\"https:\/\/thefamilyhelpnetwork.ca\/fr\/\" target=\"_blank\">Mains<\/a><\/li>\n<li><a href=\"https:\/\/cscno-wnchc.org\/fr\/\" target=\"_blank\">Centre de Sant\u00e9 Communautaire de Nipissing Ouest<\/a><\/li>\n<li><a href=\"http:\/\/www.communitylivingwestnipissing.com\/Site\/Contact.html\" target=\"_blank\">Association d\u2019Int\u00e9gration Communautaire<\/a><\/li>\n<li><a href=\"http:\/\/www.westnipissingouest.ca\/fr\/municipal-services-f\/community-services\/museum\" target=\"_blank\">Mus\u00e9e Sturgeon River<\/a><\/li>\n<li><a href=\"http:\/\/www.parnipcas.org\/fr\/accueil\" target=\"_blank\">Soci\u00e9t\u00e9 de l\u2019aide \u00e0 l\u2019enfance<\/a><\/li>\n<li><a href=\"http:\/\/www.wnps.ca\/fr\/\" target=\"_blank\">Service Policier de Nipissing Ouest<\/a><\/li>\n<li><a href=\"https:\/\/www.facebook.com\/auchateauwestnipissingouest\" target=\"_blank\">Au Ch\u00e2teau-r\u00e9sidence pour personnes \u00e2g\u00e9es<\/a><\/li>\n<li><a href=\"https:\/\/www.wngh.ca\/\" target=\"_blank\">H\u00f4pital Gen\u00e9ral de Nipissing Ouest<\/a><\/li>\n<\/ul>\n","protected":false},"excerpt":{"rendered":"<p>Conseil Scolaire Publique du Nord-est de l\u2019Ontario Conseil Scolaire Catholique Franco-nord Near North District School Board Nipissing Parry Sound Catholic&#8230;<\/p>\n","protected":false},"author":1,"featured_media":0,"parent":108,"menu_order":0,"comment_status":"closed","ping_status":"closed","template":"","meta":{"_acf_changed":false,"footnotes":""},"class_list":["post-206","page","type-page","status-publish","hentry"],"acf":[],"_links":{"self":[{"href":"https:\/\/www.wnccc.ca\/fr\/wp-json\/wp\/v2\/pages\/206","targetHints":{"allow":["GET"]}}],"collection":[{"href":"https:\/\/www.wnccc.ca\/fr\/wp-json\/wp\/v2\/pages"}],"about":[{"href":"https:\/\/www.wnccc.ca\/fr\/wp-json\/wp\/v2\/types\/page"}],"author":[{"embeddable":true,"href":"https:\/\/www.wnccc.ca\/fr\/wp-json\/wp\/v2\/users\/1"}],"replies":[{"embeddable":true,"href":"https:\/\/www.wnccc.ca\/fr\/wp-json\/wp\/v2\/comments?post=206"}],"version-history":[{"count":5,"href":"https:\/\/www.wnccc.ca\/fr\/wp-json\/wp\/v2\/pages\/206\/revisions"}],"predecessor-version":[{"id":945,"href":"https:\/\/www.wnccc.ca\/fr\/wp-json\/wp\/v2\/pages\/206\/revisions\/945"}],"up":[{"embeddable":true,"href":"https:\/\/www.wnccc.ca\/fr\/wp-json\/wp\/v2\/pages\/108"}],"wp:attachment":[{"href":"https:\/\/www.wnccc.ca\/fr\/wp-json\/wp\/v2\/media?parent=206"}],"curies":[{"name":"wp","href":"https:\/\/api.w.org\/{rel}","templated":true}]}}