{"id":208,"date":"2018-10-19T17:53:40","date_gmt":"2018-10-19T17:53:40","guid":{"rendered":"http:\/\/www.wnccc.ca\/?page_id=208"},"modified":"2019-09-25T10:36:57","modified_gmt":"2019-09-25T14:36:57","slug":"personne-contacte","status":"publish","type":"page","link":"https:\/\/www.wnccc.ca\/fr\/personne-contacte\/","title":{"rendered":"Personne contacte"},"content":{"rendered":"<section class=\"locations\" aria-label=\"locations\">\n<div class=\"container\">\n<div class=\"flex-box\">\n<div class=\"item\">\n<h4>Sturgeon Falls<\/h4>\n<p>131 rue Michaud<br \/> Sturgeon Falls, ON  P2B 1B7<\/p>\n<p><strong>T\u00e9l :<\/strong> <a href=\"tel:705-753-4144\" class=\"dial\">705-753-4144<\/a><br \/>\n        <strong>T\u00e9l\u00e9c :<\/strong> 705-753-5422<\/p>\n<\/p><\/div>\n<div class=\"item map\">\n        <iframe loading=\"lazy\" src=\"https:\/\/www.google.com\/maps\/embed?pb=!1m18!1m12!1m3!1d82632.63190787662!2d-79.92240559344272!3d46.36426906682145!2m3!1f0!2f0!3f0!3m2!1i1024!2i768!4f13.1!3m3!1m2!1s0x4d2920a44d057217%3A0xe3474a533ff7e223!2sWest+Nipissing+Child+Care+Corporation!5e0!3m2!1sen!2sca!4v1558380957591!5m2!1sen!2sca\" width=\"600\" height=\"450\" frameborder=\"0\" style=\"border:0\" allowfullscreen><\/iframe>\n    <\/div>\n<\/p><\/div>\n<\/section>\n","protected":false},"excerpt":{"rendered":"<p>Sturgeon Falls 131 rue Michaud Sturgeon Falls, ON P2B 1B7 T\u00e9l : 705-753-4144 T\u00e9l\u00e9c : 705-753-5422<\/p>\n","protected":false},"author":1,"featured_media":0,"parent":0,"menu_order":0,"comment_status":"closed","ping_status":"closed","template":"","meta":{"_acf_changed":false,"footnotes":""},"class_list":["post-208","page","type-page","status-publish","hentry"],"acf":[],"_links":{"self":[{"href":"https:\/\/www.wnccc.ca\/fr\/wp-json\/wp\/v2\/pages\/208","targetHints":{"allow":["GET"]}}],"collection":[{"href":"https:\/\/www.wnccc.ca\/fr\/wp-json\/wp\/v2\/pages"}],"about":[{"href":"https:\/\/www.wnccc.ca\/fr\/wp-json\/wp\/v2\/types\/page"}],"author":[{"embeddable":true,"href":"https:\/\/www.wnccc.ca\/fr\/wp-json\/wp\/v2\/users\/1"}],"replies":[{"embeddable":true,"href":"https:\/\/www.wnccc.ca\/fr\/wp-json\/wp\/v2\/comments?post=208"}],"version-history":[{"count":11,"href":"https:\/\/www.wnccc.ca\/fr\/wp-json\/wp\/v2\/pages\/208\/revisions"}],"predecessor-version":[{"id":1152,"href":"https:\/\/www.wnccc.ca\/fr\/wp-json\/wp\/v2\/pages\/208\/revisions\/1152"}],"wp:attachment":[{"href":"https:\/\/www.wnccc.ca\/fr\/wp-json\/wp\/v2\/media?parent=208"}],"curies":[{"name":"wp","href":"https:\/\/api.w.org\/{rel}","templated":true}]}}