{"id":213,"date":"2018-10-19T17:55:52","date_gmt":"2018-10-19T17:55:52","guid":{"rendered":"http:\/\/www.wnccc.ca\/?page_id=213"},"modified":"2019-09-12T16:08:15","modified_gmt":"2019-09-12T20:08:15","slug":"services","status":"publish","type":"page","link":"https:\/\/www.wnccc.ca\/fr\/services\/","title":{"rendered":"Services"},"content":{"rendered":"<section class=\"service-sections\" aria-label=\"services\">\n<div class=\"container\">\n<ul aria-label=\"service navigation\" class=\"items-grid\">\n<li class=\"item\"><a href=\"la-passerelle\/\" style=\"background-image: url('\/wp-content\/uploads\/2018\/12\/wnccc_Stepping_Stone.jpg')\"><span>La Passerelle<\/span><\/a><\/li>\n<li class=\"item\"><a href=\"don-y-va-centre\/\" style=\"background-image: url('\/wp-content\/uploads\/2018\/12\/wnccc_EarlyON.jpg')\"><span>ON y va Centre de l\u2019enfant<\/span><\/a><\/li>\n<li class=\"item\"><a href=\"home-based\/\" style=\"background-image: url('\/wp-content\/uploads\/2018\/12\/wnccc_Home_Based.jpg')\"><span>Service de garde en milieu familial<\/span><\/a><\/li>\n<li class=\"item\"><a href=\"centre-based\/\" style=\"background-image: url('\/wp-content\/uploads\/2018\/12\/wnccc_01.jpg')\"><span>Centre Based Child Care<\/span><\/a><\/li>\n<li class=\"item\"><a href=\"programmes-francais\/\" style=\"background-image: url('\/wp-content\/uploads\/2019\/05\/wnccc_Programmes_en_francais.jpg')\"><span>Services offerts en fran\u00e7ais<\/span><\/a><\/li>\n<li class=\"item\"><a href=\"demande-de-services\/\" style=\"background-image: url('\/wp-content\/uploads\/2018\/12\/wnccc_Request_Service.jpg')\"><span>Demande de services<\/span><\/a><\/li>\n<\/ul>\n<\/div>\n<\/section>\n<section>\n<div class=\"container\">\n<p>&nbsp;<\/p>\n<h4>L\u2019enfant est au c\u0153ur de sa famille, du personnel, des pourvoyeuses et de son environnement! Il est essentiel et encourag\u00e9 que chacun soit engag\u00e9!<\/h4>\n<p>Nous devons :<\/p>\n<ul>\n<li>Donner aux enfants le meilleur d\u00e9part possible dans la vie et s\u2019assurer que les parents savent qu\u2019ils laissent leurs enfants en de bonnes mains;<\/li>\n<li>B\u00e2tir un r\u00e9seau de services de garde int\u00e9gr\u00e9 d\u2019excellente qualit\u00e9 et qui satisfait aux besoins de tous les enfants et leurs parents ou tuteurs;<\/li>\n<li>Les programmes pour la petite enfance jouent un r\u00f4le important dans l\u2019apprentissage, le d\u00e9veloppement, la sant\u00e9 et le bien-\u00eatre des enfants;<\/li>\n<li>Les enfants s\u2019\u00e9panouissent dans des programmes o\u00f9 les adultes sont bienveillants et attentifs;<\/li>\n<li>Les enfants retirent davantage de b\u00e9n\u00e9fices des programmes centr\u00e9s sur l\u2019apprentissage actif par l\u2019exploration, le jeu et l\u2019enqu\u00eate;<\/li>\n<li>Les enfants s\u2019\u00e9panouissent dans les programmes o\u00f9 eux et leurs familles sont valoris\u00e9s en tant que contributeurs et participants actifs;<\/li>\n<li>S\u2019engager \u00e0 renforcer la qualit\u00e9 des programmes pour la petite enfance en veillant \u00e0 ce que les programmes soient centr\u00e9s sur l\u2019enfant et la famille;<\/li>\n<li>Les relations que nous d\u00e9veloppons avec les enfants sont celles auxquelles est associ\u00e9 le degr\u00e9 le plus haut de responsabilit\u00e9 et de gratification;<\/li>\n<li>R\u00e9fl\u00e9chir, ressentir et agir de mani\u00e8re \u00e0 \u00eatre en lien avec l\u2019environnement, les circonstances et, encore plus important, avec les enfants, les familles et les coll\u00e8gues ;<\/li>\n<li>Soutenir la p\u00e9dagogie et le d\u00e9veloppement du curriculum ou programme d\u2019apprentissage dans les programmes de la petite enfance;<\/li>\n<li>La p\u00e9dagogie est la compr\u00e9hension de la fa\u00e7on dont se produit l\u2019apprentissage et la th\u00e9orie et la pratique qui soutiennent cette compr\u00e9hension ;<\/li>\n<li>Le curriculum ou le programme d\u2019apprentissage (le contenu de l\u2019apprentissage) et la p\u00e9dagogie(comment se produit l\u2019apprentissage) dans les milieux de la petite enfance sont fa\u00e7onn\u00e9s par les points de vue sur les enfants, par le r\u00f4le des \u00e9ducatrices et \u00e9ducateurs, les pourvoyeuses\/pourvoyeurs, et les familles, ainsi que les relations entre eux;<\/li>\n<li>Se concentrer sur ces relations dans le contexte des milieux de la petite enfance;<\/li>\n<li>Pour que les enfants grandissent et s\u2019\u00e9panouissent, il faut qu\u2019\u00e0 tous les jours, ils exp\u00e9rimentent; l\u2019appartenance, le bien-\u00eatre, l\u2019engagement et l\u2019expression.<\/li>\n<\/ul>\n<p>Nous consid\u00e9rons les enfants comme : <strong>Comp\u00e9tents, capables, curieux et riches en potentiel!<\/strong><\/p>\n<\/div>\n<\/section>\n","protected":false},"excerpt":{"rendered":"<p>La Passerelle ON y va Centre de l\u2019enfant Service de garde en milieu familial Centre Based Child Care Services offerts&#8230;<\/p>\n","protected":false},"author":1,"featured_media":0,"parent":0,"menu_order":0,"comment_status":"closed","ping_status":"closed","template":"","meta":{"_acf_changed":false,"footnotes":""},"class_list":["post-213","page","type-page","status-publish","hentry"],"acf":[],"_links":{"self":[{"href":"https:\/\/www.wnccc.ca\/fr\/wp-json\/wp\/v2\/pages\/213","targetHints":{"allow":["GET"]}}],"collection":[{"href":"https:\/\/www.wnccc.ca\/fr\/wp-json\/wp\/v2\/pages"}],"about":[{"href":"https:\/\/www.wnccc.ca\/fr\/wp-json\/wp\/v2\/types\/page"}],"author":[{"embeddable":true,"href":"https:\/\/www.wnccc.ca\/fr\/wp-json\/wp\/v2\/users\/1"}],"replies":[{"embeddable":true,"href":"https:\/\/www.wnccc.ca\/fr\/wp-json\/wp\/v2\/comments?post=213"}],"version-history":[{"count":27,"href":"https:\/\/www.wnccc.ca\/fr\/wp-json\/wp\/v2\/pages\/213\/revisions"}],"predecessor-version":[{"id":944,"href":"https:\/\/www.wnccc.ca\/fr\/wp-json\/wp\/v2\/pages\/213\/revisions\/944"}],"wp:attachment":[{"href":"https:\/\/www.wnccc.ca\/fr\/wp-json\/wp\/v2\/media?parent=213"}],"curies":[{"name":"wp","href":"https:\/\/api.w.org\/{rel}","templated":true}]}}