{"id":215,"date":"2018-10-19T17:58:25","date_gmt":"2018-10-19T17:58:25","guid":{"rendered":"http:\/\/www.wnccc.ca\/?page_id=215"},"modified":"2025-01-03T15:00:19","modified_gmt":"2025-01-03T19:00:19","slug":"don-y-va-centre","status":"publish","type":"page","link":"https:\/\/www.wnccc.ca\/fr\/services\/don-y-va-centre\/","title":{"rendered":"ON y va Centre de l\u2019enfant et la famille"},"content":{"rendered":"\n<h2 class=\"wp-block-heading\">Les Centres d\u2019ON y va Centre de l\u2019enfant et la famille offrent:<\/h2>\n\n\n\n<ul class=\"wp-block-list\">\n<li>Des programmes d\u2019apprentissage amusants et culturellement diversifi\u00e9s<\/li>\n\n\n\n<li>Du d\u00e9pistage pr\u00e9coce<\/li>\n\n\n\n<li>De l\u2019information et des sessions de formation<\/li>\n\n\n\n<li>Des invit\u00e9s sp\u00e9ciaux sont \u00e0 l\u2019horaire<\/li>\n\n\n\n<li>Des liens aux services communautaires.<\/li>\n\n\n\n<li>Des collations nutritives, du caf\u00e9 et du th\u00e9 seront servis aux parents.<\/li>\n<\/ul>\n\n\n\n<h2 class=\"wp-block-heading\">Voici la programmation offerte \u00e0 divers sites:<\/h2>\n\n\n\n<p><strong>Groupe de jeu:<\/strong> Les enfants et les parents sont engag\u00e9s et collaborent tout en vivant de nouvelles exp\u00e9riences innovatrices. 0-6 ans.<\/p>\n\n\n\n<p><strong>Petit G\u00e9nie:<\/strong> Les enfants apprennent par: le jeu, le questionnement, la r\u00e9solution de probl\u00e8me, la pens\u00e9e critique, l\u2019exp\u00e9rimentation et l\u2019innovation. 0-6 ans.<\/p>\n\n\n\n<p><strong>B\u00e9b\u00e9 et moi:<\/strong> Les nouvelles mamans passent du temps de qualit\u00e9 avec leurs petits tout en jasant avec d\u2019autres parents. 0-18 mois<\/p>\n\n\n\n<p><strong>Apprenons en jouant:<\/strong> Les practiciennes lisent des histoires et des contes. Les activit\u00e9s v\u00e9cues touchent les 4 fondements du Comment apprend-on? L\u2019appartenance, le bien-\u00eatre, l\u2019engagement, et l\u2019expression. 0-6 ans<\/p>\n\n\n\n<p><strong>Salissons-nous:<\/strong> Les enfants manipulent diff\u00e9rentes textures et mat\u00e9riaux tout en faisant des d\u00e9g\u00e2ts. Quel plaisir! 0-6 ans<\/p>\n\n\n\n<p><strong>Club du petit d\u00e9jeuner:<\/strong> Venez d\u00e9guster un bon petit d\u00e9jeuner nutritif le samedi matin. 0-6 ans. (L\u2019horaire vous sera partag\u00e9, svp r\u00e9server vos places).<\/p>\n\n\n\n<p>Tous nos programmes offrent une collation sant\u00e9 et un breuvage. Nous avons aussi du caf\u00e9 et du th\u00e9 pour les adultes<\/p>\n\n\n\n<h2 class=\"wp-block-heading\">Centre de l\u2019enfant et le famille<\/h2>\n\n\n\n<p>Nos centres sont s\u00e9curitaires, chaleureux et accueillants.<\/p>\n\n\n\n<p>Comme parent nous sommes les premiers \u00e9ducateurs de nos enfants. Prenez-en avantage ?<\/p>\n\n\n\n<p>ON y va offre des exp\u00e9riences de qualit\u00e9 qui favorisent l\u2019apprentissage.<\/p>\n\n\n\n<p>De nouvelles ressources vous seront partag\u00e9es.<\/p>\n\n\n\n<h3 class=\"wp-block-heading\">Les centres ON y va se situent \u00e0 la :<\/h3>\n\n\n\n<p>Garde centralis\u00e9e<br>131 rue Michaud, Sturgeon Falls, ON<br><strong>courriel :<\/strong> <a href=\"mailto:josee@wnccc.ca\">josee@wnccc.ca<\/a><\/p>\n\n\n\n<p>\u00c9cole Saint-Joseph<br><strong>courriel :<\/strong> <a href=\"mailto:josee@wnccc.ca\">josee@wnccc.ca<\/a><\/p>\n\n\n\n<p>\u00c9cole Jeunesse Active<br>130 rue Ligar, Sturgeon Falls, ON &nbsp;P2B 3H4<br><strong>courriel :<\/strong> <a href=\"mailto:josee@wnccc.ca\">josee@wnccc.ca<\/a><\/p>\n\n\n\n<p>\u00c9cole Christ-Roi<br>7 ave Forget, River Valley, ON &nbsp;P0H 2C0<br><strong>courriel :<\/strong> <a href=\"mailto:josee@wnccc.ca\">josee@wnccc.ca<\/a><\/p>\n\n\n\n<p>\u00c9cole Sainte Marguerite d\u2019Youville<br>73 rue Principale, Verner ON &nbsp;P0H 2M0<br><strong>courriel :<\/strong> <a href=\"mailto:josee@wnccc.ca\">josee@wnccc.ca<\/a><\/p>\n\n\n\n<p>Pour communiquer avec nous signaler le <a href=\"tel:7057534144\">705-753-4144<\/a><\/p>\n\n\n\n<p><\/p>\n","protected":false},"excerpt":{"rendered":"<p>Les Centres d\u2019ON y va Centre de l\u2019enfant et la famille offrent: Voici la programmation offerte \u00e0 divers sites: Groupe&#8230;<\/p>\n","protected":false},"author":1,"featured_media":1012,"parent":213,"menu_order":0,"comment_status":"closed","ping_status":"closed","template":"","meta":{"_acf_changed":false,"footnotes":""},"class_list":["post-215","page","type-page","status-publish","has-post-thumbnail","hentry"],"acf":[],"_links":{"self":[{"href":"https:\/\/www.wnccc.ca\/fr\/wp-json\/wp\/v2\/pages\/215","targetHints":{"allow":["GET"]}}],"collection":[{"href":"https:\/\/www.wnccc.ca\/fr\/wp-json\/wp\/v2\/pages"}],"about":[{"href":"https:\/\/www.wnccc.ca\/fr\/wp-json\/wp\/v2\/types\/page"}],"author":[{"embeddable":true,"href":"https:\/\/www.wnccc.ca\/fr\/wp-json\/wp\/v2\/users\/1"}],"replies":[{"embeddable":true,"href":"https:\/\/www.wnccc.ca\/fr\/wp-json\/wp\/v2\/comments?post=215"}],"version-history":[{"count":22,"href":"https:\/\/www.wnccc.ca\/fr\/wp-json\/wp\/v2\/pages\/215\/revisions"}],"predecessor-version":[{"id":3007,"href":"https:\/\/www.wnccc.ca\/fr\/wp-json\/wp\/v2\/pages\/215\/revisions\/3007"}],"up":[{"embeddable":true,"href":"https:\/\/www.wnccc.ca\/fr\/wp-json\/wp\/v2\/pages\/213"}],"wp:featuredmedia":[{"embeddable":true,"href":"https:\/\/www.wnccc.ca\/fr\/wp-json\/wp\/v2\/media\/1012"}],"wp:attachment":[{"href":"https:\/\/www.wnccc.ca\/fr\/wp-json\/wp\/v2\/media?parent=215"}],"curies":[{"name":"wp","href":"https:\/\/api.w.org\/{rel}","templated":true}]}}