{"id":226,"date":"2018-10-19T18:14:10","date_gmt":"2018-10-19T18:14:10","guid":{"rendered":"http:\/\/www.wnccc.ca\/?page_id=226"},"modified":"2025-07-04T11:01:50","modified_gmt":"2025-07-04T15:01:50","slug":"demande-de-services","status":"publish","type":"page","link":"https:\/\/www.wnccc.ca\/fr\/services\/demande-de-services\/","title":{"rendered":"Demande de services"},"content":{"rendered":"\n<h3 class=\"wp-block-heading\">R\u00e9pertoire de services de garde d\u2019enfants du district de Nipissing<\/h3>\n\n\n\n<p><strong>Le r\u00e9pertoire centralis\u00e9 de services de garde d\u2019enfants permet de :<\/strong><\/p>\n\n\n\n<ul class=\"wp-block-list\">\n<li>faire des recherches au sujet desfournisseurs de services de garde et de ce qu\u2019ils offrent<\/li>\n\n\n\n<li>trouver les services de garde pr\u00e8s de votre domicile ou de votre lieu de travail<\/li>\n\n\n\n<li>pr\u00e9senter une seule demande de services de garde agr\u00e9\u00e9s pour plusieurs enfants<\/li>\n\n\n\n<li>se renseigner sur l\u2019aide financi\u00e8re disponible pour les frais de garde d\u2019enfants<\/li>\n\n\n\n<li>consulter et modifier les demandes \u00e0 tout endroit et en tout temps<\/li>\n\n\n\n<li>prot\u00e9ger vos renseignements personnels gr\u00e2ce \u00e0 un site Web s\u00e9curis\u00e9<\/li>\n<\/ul>\n\n\n\n<h4 class=\"wp-block-heading\">C\u2019est s\u00e9curitaire, rapide et pratique.<\/h4>\n\n\n\n<h4 class=\"wp-block-heading\"><a href=\"https:\/\/www.wnccc.ca\/wp-content\/uploads\/2019\/05\/R\u00e9pertoire-des-sevices-de-gardes-denfants-du-district-de-Nipissing-Manuel-pour-parents-version-2.0.pdf\" target=\"_blank\" rel=\"noopener\">To learn more about the process, download the manual here<\/a>.<\/h4>\n\n\n\n<hr class=\"wp-block-separator has-css-opacity\"\/>\n\n\n\n<h3 class=\"wp-block-heading\"><br><strong><a href=\"https:\/\/www.wnccc.ca\/wp-content\/uploads\/FRAIS-DES-PARENTS-GC-le-1ier-juillet-2025.pdf\" data-type=\"link\" data-id=\"https:\/\/www.wnccc.ca\/wp-content\/uploads\/FRAIS-DES-PARENTS-GC-le-1ier-juillet-2025.pdf\" target=\"_blank\" rel=\"noreferrer noopener\">LES FRAIS GARDE CENTRALIS\u00c9E le 1er juillet 2025<\/a><\/strong><\/h3>\n","protected":false},"excerpt":{"rendered":"<p>R\u00e9pertoire de services de garde d\u2019enfants du district de Nipissing Le r\u00e9pertoire centralis\u00e9 de services de garde d\u2019enfants permet de&#8230;<\/p>\n","protected":false},"author":1,"featured_media":0,"parent":213,"menu_order":0,"comment_status":"closed","ping_status":"closed","template":"","meta":{"_acf_changed":false,"footnotes":""},"class_list":["post-226","page","type-page","status-publish","hentry"],"acf":[],"_links":{"self":[{"href":"https:\/\/www.wnccc.ca\/fr\/wp-json\/wp\/v2\/pages\/226","targetHints":{"allow":["GET"]}}],"collection":[{"href":"https:\/\/www.wnccc.ca\/fr\/wp-json\/wp\/v2\/pages"}],"about":[{"href":"https:\/\/www.wnccc.ca\/fr\/wp-json\/wp\/v2\/types\/page"}],"author":[{"embeddable":true,"href":"https:\/\/www.wnccc.ca\/fr\/wp-json\/wp\/v2\/users\/1"}],"replies":[{"embeddable":true,"href":"https:\/\/www.wnccc.ca\/fr\/wp-json\/wp\/v2\/comments?post=226"}],"version-history":[{"count":16,"href":"https:\/\/www.wnccc.ca\/fr\/wp-json\/wp\/v2\/pages\/226\/revisions"}],"predecessor-version":[{"id":3217,"href":"https:\/\/www.wnccc.ca\/fr\/wp-json\/wp\/v2\/pages\/226\/revisions\/3217"}],"up":[{"embeddable":true,"href":"https:\/\/www.wnccc.ca\/fr\/wp-json\/wp\/v2\/pages\/213"}],"wp:attachment":[{"href":"https:\/\/www.wnccc.ca\/fr\/wp-json\/wp\/v2\/media?parent=226"}],"curies":[{"name":"wp","href":"https:\/\/api.w.org\/{rel}","templated":true}]}}