{"id":228,"date":"2018-10-19T18:18:29","date_gmt":"2018-10-19T18:18:29","guid":{"rendered":"http:\/\/www.wnccc.ca\/?page_id=228"},"modified":"2025-01-10T12:28:24","modified_gmt":"2025-01-10T16:28:24","slug":"la-passerelle","status":"publish","type":"page","link":"https:\/\/www.wnccc.ca\/fr\/services\/la-passerelle\/","title":{"rendered":"La Passerelle"},"content":{"rendered":"<h2>Qui sommes-nous?<\/h2>\n<p>Le programme La Passerelle vise \u00e0 fournir des services de qualit\u00e9 qui sauront optimiser l\u2019inclusion de tous les enfants dans les programmes d\u2019apprentissage pr\u00e9coce, les services de garde licenci\u00e9s, ainsi que les <a href=\"https:\/\/www.wnccc.ca\/fr\/come-join-our-outdoor-events\/\" target=\"_blank\" rel=\"noopener\">programmes r\u00e9cr\u00e9atifs<\/a> licenci\u00e9s.<\/p>\n<p>Les consultant(e)s en ressources :<\/p>\n<ul>\n<li>fournissent un soutien direct aux enfants en travaillant de pr\u00e8s avec les parents, et les \u00e9ducateurs\/\u00e9ducatrices afin d\u2019assurer la mise en oeuvre des meilleures pratiques et stat\u00e9gies pour l\u2019inclusion des enfants. La Passerelle offre un service qui encourage l\u2018ind\u00e9pendance, le respect de soi et la r\u00e9solution de probl\u00e8mes.<\/li>\n<li>assistent dans la planification, la r\u00e9daction et la mise en oeuvre des plans individualis\u00e9s des enfants en besoin et assurent les suivis nec\u00e9ssaires.<\/li>\n<li>travaillent en collaboration avec le personnel, les enfants et les parents.<\/li>\n<li>offrent de l\u2019appui aux parents pour les rencontres, les rendez-vous chez les sp\u00e9cialistes, les rencontres IPR ou avec les partenaires communautaires.<\/li>\n<\/ul>\n<h2><a href=\"https:\/\/www.wnccc.ca\/fr\/come-join-our-outdoor-events\/\" target=\"_blank\" rel=\"noopener\">Activit\u00e9s plein air! 2022!<\/a><\/h2>\n<h2>Programme d\u2019appui \u00e0 l\u2019inclusion<\/h2>\n<p>Le programme de soutien \u00e0 l\u2019inclusion permet \u00e0 des enfants ayant des besoins de soutien additionnels de participer pleinement \u00e0 un programme d\u2019apprentissage et de garde des jeunes enfants et de r\u00e9duire ou \u00e9liminer les obstacles qu\u2019ils rencontrent et permet de participer v\u00e9ritablement au programme.<\/p>\n<p>Tous les enfants doivent avoir des possibilit\u00e9s d\u2019acc\u00e8s \u00e9quivalentes aux garderies dans leur collectivit\u00e9. Ceci comprend les enfants qui requi\u00e8rent des programmes de soutien additionnel.<\/p>\n<p>L\u2019inclusion dans l\u2019apprentissage et la garde des jeunes enfants consiste \u00e0 s\u2019occuper de tous les enfants ensemble quelles que soient leurs capacit\u00e9s, \u00e0 l\u2019int\u00e9rieur du groupe auquel ils appartiennent, au point de vue de l\u2019apprentissage. L\u2019objectif est d\u2019am\u00e9liorer le d\u00e9veloppement de chaque enfant dans le cadre du programme quotidien r\u00e9gulier et de cr\u00e9er des attitudes sociales positives \u00e0 l\u2019\u00e9gard de toutes les capacit\u00e9s.<\/p>\n<p>Les enfants ayant des besoins additionnels ont des objectifs pr\u00e9cis \u00e0 atteindre dans leur plan d\u2019apprentissage individuel. Ces objectifs sont inclus au programme et permettent aux enfants de participer de mani\u00e8re active et significative. Un programme d\u2019inclusion de grande qualit\u00e9 donne \u00e0 tous les enfants des occasions d\u2019apprendre de leurs pairs et avec eux, tout en jouant. Les avantages pour tous les enfants sont les suivants :<\/p>\n<ul>\n<li>se sentir valoris\u00e9 et accept\u00e9;<\/li>\n<li>avoir un sentiment d\u2019appartenance;<\/li>\n<li>se faire des amis;<\/li>\n<li>exploiter ses forces<\/li>\n<\/ul>\n<h2>Communiquez avec nous!<\/h2>\n<p>Les parents, les tuteurs et les agences communautaires peuvent toujours communiquer avec nous pour obtenir des services.<\/p>\n<p><strong>Jos\u00e9e Drouin<\/strong><br \/>\nSuperviseure de La Passerelle<br \/>\nCorporation des services de garde d\u2019 enfants de Nipissing Ouest<br \/>\n131 rue Michaud<br \/>\nSturgeon Falls, Ontario P2B 1B9<\/p>\n<p><strong>T\u00e9l :<\/strong> <a class=\"dial\" href=\"tel:7057534144\">705-753-4144 poste 209<\/a><br \/>\n<strong>T\u00e9l\u00e9c :<\/strong> <a class=\"dial\" href=\"tel:7057535422\">705-753-5422<\/a><br \/>\n<strong>Couriel :<\/strong> <a href=\"mailto:josee@wnccc.ca\">josee@wnccc.ca<\/a><\/p>\n","protected":false},"excerpt":{"rendered":"<p>Qui sommes-nous? Le programme La Passerelle vise \u00e0 fournir des services de qualit\u00e9 qui sauront optimiser l\u2019inclusion de tous les&#8230;<\/p>\n","protected":false},"author":1,"featured_media":1003,"parent":213,"menu_order":0,"comment_status":"closed","ping_status":"closed","template":"","meta":{"_acf_changed":false,"footnotes":""},"class_list":["post-228","page","type-page","status-publish","has-post-thumbnail","hentry"],"acf":[],"_links":{"self":[{"href":"https:\/\/www.wnccc.ca\/fr\/wp-json\/wp\/v2\/pages\/228","targetHints":{"allow":["GET"]}}],"collection":[{"href":"https:\/\/www.wnccc.ca\/fr\/wp-json\/wp\/v2\/pages"}],"about":[{"href":"https:\/\/www.wnccc.ca\/fr\/wp-json\/wp\/v2\/types\/page"}],"author":[{"embeddable":true,"href":"https:\/\/www.wnccc.ca\/fr\/wp-json\/wp\/v2\/users\/1"}],"replies":[{"embeddable":true,"href":"https:\/\/www.wnccc.ca\/fr\/wp-json\/wp\/v2\/comments?post=228"}],"version-history":[{"count":11,"href":"https:\/\/www.wnccc.ca\/fr\/wp-json\/wp\/v2\/pages\/228\/revisions"}],"predecessor-version":[{"id":3035,"href":"https:\/\/www.wnccc.ca\/fr\/wp-json\/wp\/v2\/pages\/228\/revisions\/3035"}],"up":[{"embeddable":true,"href":"https:\/\/www.wnccc.ca\/fr\/wp-json\/wp\/v2\/pages\/213"}],"wp:featuredmedia":[{"embeddable":true,"href":"https:\/\/www.wnccc.ca\/fr\/wp-json\/wp\/v2\/media\/1003"}],"wp:attachment":[{"href":"https:\/\/www.wnccc.ca\/fr\/wp-json\/wp\/v2\/media?parent=228"}],"curies":[{"name":"wp","href":"https:\/\/api.w.org\/{rel}","templated":true}]}}