{"id":232,"date":"2018-10-19T18:20:13","date_gmt":"2018-10-19T18:20:13","guid":{"rendered":"http:\/\/www.wnccc.ca\/?page_id=232"},"modified":"2025-01-09T14:56:55","modified_gmt":"2025-01-09T18:56:55","slug":"home-based-child-care-fr","status":"publish","type":"page","link":"https:\/\/www.wnccc.ca\/fr\/services\/home-based-child-care-fr\/","title":{"rendered":"Service de garde en milieu familial"},"content":{"rendered":"\n<p>Gr\u00e2ce \u00e0 ce mod\u00e8le unique, nous pouvons offrir un programme de garde d\u2019enfants de qualit\u00e9 dans un milieu familial. C\u2019est avec soins que nous choisissons, approuvons et assurons la formation continue au pourvoyeur ou \u00e0 la pourvoyeuse.<\/p>\n\n\n\n<p>Notre service est offert aux familles de Nipissing Ouest et la r\u00e9gion de l\u2019Est de Sudbury. Nous desservons les enfants de la naissance \u00e0 12 ans. Les programmes sont offerts en fran\u00e7ais ou en anglais.<\/p>\n\n\n\n<p>Le pourvoyeur ou la pourvoyeuse peut avoir sous sa charge, six enfants. Ceci lui permet de passer du temps de qualit\u00e9 avec le pourvoyeur ou la pourvoyeuse.<\/p>\n\n\n\n<p>La routine comprend : des bricolages, des activit\u00e9s \u00e9ducationnels, des jeux ext\u00e9rieurs, des collations, des d\u00eeners nutritifs, ainsi qu\u2019 un temps de repos.<\/p>\n\n\n\n<p>Les heures d\u2019ouverture peuvent vari\u00e9es selon les besoins de la famille.<\/p>\n\n\n\n<p>La responsable des visites aux foyers s\u2019assure qu\u2019un service de garde de qualit\u00e9 est offert en tout temps en ajoutant dans son horaire des visites planifi\u00e9es et spontan\u00e9es. Un appui continu est offert aux parents et aux pourvoyeurs et aux pourvoyeuses. La mission de la Corporation des services de garde d\u2019enfants de Nipissing Ouest est de r\u00e9pondre aux besoins de tous les enfants et leurs familles.<\/p>\n\n\n\n<p>Notre philosophie est de promouvoir le d\u00e9veloppement social, cognitif , \u00e9motionnel et global de chaque enfant.<\/p>\n\n\n\n<h4 class=\"wp-block-heading\">L\u2019enfant est comp\u00e9tent, capable, curieux et riche en potentiel!<\/h4>\n\n\n\n<p>L\u2019aide financi\u00e8re est disponible aux familles qui rencontrent les crit\u00e8res.<\/p>\n\n\n\n<p><strong>T\u00e9l :<\/strong> <a href=\"tel:7057534144\">705-753-4144 poste 202<\/a><\/p>\n\n\n\n<p><strong>Couriel :<\/strong> <a href=\"mailto:carole@wnccc.ca\">carole@wnccc.ca<\/a><\/p>\n\n\n\n<hr class=\"wp-block-separator has-alpha-channel-opacity\"\/>\n\n\n\n<h3 class=\"wp-block-heading\">Avez-vous les enfants \u00e0 c\u0153ur?<br>Avez-vous acc\u00e8s \u00e0 une r\u00e9sidence priv\u00e9e?<br>On a besoin de vous !<\/h3>\n\n\n\n<p><strong>Cette opportunit\u00e9 vous donne la possibilit\u00e9 de travailler de la maison, en recevant l\u2019appui d\u2019une agence. Voici certains avantages&nbsp;:<\/strong><\/p>\n\n\n\n<ul class=\"wp-block-list\">\n<li>Recevoir l\u2019appui constant de la responsable des visites aux foyers (tout au long du processus et \u00e0 chaque jour) afin de mettre en \u0153uvre les directives du Minist\u00e8re de l\u2018\u00c9ducation.<\/li>\n\n\n\n<li>Emprunt d\u2019\u00e9quipements et de jouets bas\u00e9 sur le jeu.<\/li>\n\n\n\n<li>Vous d\u00e9terminez vos heures et jours de travail.<\/li>\n\n\n\n<li>Les parents ont acc\u00e8s \u00e0 des frais de garde r\u00e9duis car l\u2019agence est inscrite au syst\u00e8me pancanadien d\u2019apprentissage et de garde des jeunes enfants (SPAGJE)<\/li>\n\n\n\n<li>Subventions disponibles pour les familles qui qualifient.<\/li>\n\n\n\n<li>L\u2019agence s\u2019occupe de recevoir les frais de parents.<\/li>\n\n\n\n<li>La paye de pourvoyeuse est d\u00e9pos\u00e9e \u00e0 votre compte.<\/li>\n\n\n\n<li>Admissible \u00e0 une augmentation de salaire de 10$\/jour (si le service est offert \u00e0 moins de 6 heures) ou 20$\/jour (si le service est offert \u00e0 6 heures ou plus)<\/li>\n\n\n\n<li>Profiter de la formation continue, du perfectionnement professionnel, ainsi que du r\u00e9seautage.<\/li>\n\n\n\n<li>La responsable des visites aux foyers, peut \u00e0 l\u2019occasion, vous remplacer pour que vous puissiez assister \u00e0 un rendez-vous.<\/li>\n<\/ul>\n\n\n\n<p><strong>Nous sommes \u00e0 la recherche de foyers garderie dans les r\u00e9gions de\u2026<\/strong><\/p>\n\n\n\n<p>Sturgeon Falls, Cache Bay, Verner, Field, River Valley, Warren, St-Charles, No\u00eblville, Hagar, Markstay, Alban.<\/p>\n\n\n\n<p><strong>Communiquez avec nous d\u00e8s aujourd\u2019hui!! <\/strong><a href=\"tel:705-753-4144\">705-753-4144 poste 202<\/a><strong><br>Pour plus d\u2019informations communiquez avec Carole ou par courriel <\/strong><a href=\"mailto:carole@wnccc.ca\">carole@wnccc.ca<\/a><\/p>\n\n\n\n<p>Garde en milieu familial<\/p>\n\n\n\n<figure class=\"wp-block-image\"><img loading=\"lazy\" decoding=\"async\" width=\"201\" height=\"300\" src=\"https:\/\/www.wnccc.ca\/wp-content\/uploads\/2020\/09\/home-care-logo-201x300.jpg\" alt=\"\" class=\"wp-image-1387\" srcset=\"https:\/\/www.wnccc.ca\/wp-content\/uploads\/2020\/09\/home-care-logo-201x300.jpg 201w, https:\/\/www.wnccc.ca\/wp-content\/uploads\/2020\/09\/home-care-logo.jpg 418w\" sizes=\"auto, (max-width: 201px) 100vw, 201px\" \/><\/figure>\n","protected":false},"excerpt":{"rendered":"<p>Gr\u00e2ce \u00e0 ce mod\u00e8le unique, nous pouvons offrir un programme de garde d\u2019enfants de qualit\u00e9 dans un milieu familial. C\u2019est&#8230;<\/p>\n","protected":false},"author":1,"featured_media":962,"parent":213,"menu_order":0,"comment_status":"closed","ping_status":"closed","template":"","meta":{"_acf_changed":false,"footnotes":""},"class_list":["post-232","page","type-page","status-publish","has-post-thumbnail","hentry"],"acf":[],"_links":{"self":[{"href":"https:\/\/www.wnccc.ca\/fr\/wp-json\/wp\/v2\/pages\/232","targetHints":{"allow":["GET"]}}],"collection":[{"href":"https:\/\/www.wnccc.ca\/fr\/wp-json\/wp\/v2\/pages"}],"about":[{"href":"https:\/\/www.wnccc.ca\/fr\/wp-json\/wp\/v2\/types\/page"}],"author":[{"embeddable":true,"href":"https:\/\/www.wnccc.ca\/fr\/wp-json\/wp\/v2\/users\/1"}],"replies":[{"embeddable":true,"href":"https:\/\/www.wnccc.ca\/fr\/wp-json\/wp\/v2\/comments?post=232"}],"version-history":[{"count":39,"href":"https:\/\/www.wnccc.ca\/fr\/wp-json\/wp\/v2\/pages\/232\/revisions"}],"predecessor-version":[{"id":3021,"href":"https:\/\/www.wnccc.ca\/fr\/wp-json\/wp\/v2\/pages\/232\/revisions\/3021"}],"up":[{"embeddable":true,"href":"https:\/\/www.wnccc.ca\/fr\/wp-json\/wp\/v2\/pages\/213"}],"wp:featuredmedia":[{"embeddable":true,"href":"https:\/\/www.wnccc.ca\/fr\/wp-json\/wp\/v2\/media\/962"}],"wp:attachment":[{"href":"https:\/\/www.wnccc.ca\/fr\/wp-json\/wp\/v2\/media?parent=232"}],"curies":[{"name":"wp","href":"https:\/\/api.w.org\/{rel}","templated":true}]}}