{"id":234,"date":"2018-10-19T14:45:29","date_gmt":"2018-10-19T14:45:29","guid":{"rendered":"http:\/\/www.wnccc.ca\/?page_id=234"},"modified":"2026-04-20T13:20:47","modified_gmt":"2026-04-20T17:20:47","slug":"evenements","status":"publish","type":"page","link":"https:\/\/www.wnccc.ca\/fr\/services\/evenements\/","title":{"rendered":"Calendriers des activit\u00e9s du programme: ON y va-Centre pour l\u2019enfant et la famille."},"content":{"rendered":"\n<h3 class=\"wp-block-heading has-text-align-center\">MAI 2026<\/h3>\n\n\n\n<p class=\"has-text-align-center\"><a href=\"https:\/\/www.wnccc.ca\/wp-content\/uploads\/sturgeon-french_May2026.pdf\" target=\"_blank\" rel=\"noreferrer noopener\">t\u00e9l\u00e9chargez &#8211; main site<\/a><\/p>\n\n\n\n<p class=\"has-text-align-center\"><a href=\"https:\/\/www.wnccc.ca\/wp-content\/uploads\/Verner-french_May2026.pdf\" target=\"_blank\" rel=\"noreferrer noopener\">t\u00e9l\u00e9chargez &#8211; satellite site<\/a><\/p>\n\n\n\n<hr class=\"wp-block-separator has-alpha-channel-opacity\"\/>\n\n\n\n<h3 class=\"wp-block-heading has-text-align-center\"><br>AVRIL 2026<\/h3>\n\n\n\n<p class=\"has-text-align-center\"><a href=\"https:\/\/www.wnccc.ca\/wp-content\/uploads\/sturgeon-french_Apr2026.pdf\" target=\"_blank\" rel=\"noreferrer noopener\">t\u00e9l\u00e9chargez &#8211; main site<\/a><\/p>\n\n\n\n<p class=\"has-text-align-center\"><a href=\"https:\/\/www.wnccc.ca\/wp-content\/uploads\/verner-french_Apr2026.pdf\" target=\"_blank\" rel=\"noreferrer noopener\">t\u00e9l\u00e9chargez &#8211; satellite site<\/a><\/p>\n\n\n\n<hr class=\"wp-block-separator has-alpha-channel-opacity\"\/>\n\n\n\n<h3 class=\"wp-block-heading has-text-align-center\"><br>MARS 2026<\/h3>\n\n\n\n<p class=\"has-text-align-center\"><a href=\"https:\/\/www.wnccc.ca\/wp-content\/uploads\/Sturgeon-french-Mar-2026.pdf\" target=\"_blank\" rel=\"noreferrer noopener\">t\u00e9l\u00e9chargez &#8211; main site<\/a><\/p>\n\n\n\n<p class=\"has-text-align-center\"><a href=\"https:\/\/www.wnccc.ca\/wp-content\/uploads\/verner-french-Mar-2026.pdf\" target=\"_blank\" rel=\"noreferrer noopener\">t\u00e9l\u00e9chargez &#8211; satellite site<\/a><\/p>\n\n\n\n<hr class=\"wp-block-separator has-alpha-channel-opacity\"\/>\n\n\n\n<div style=\"height:15px\" aria-hidden=\"true\" class=\"wp-block-spacer\"><\/div>\n\n\n\n<div style=\"height:15px\" aria-hidden=\"true\" class=\"wp-block-spacer\"><\/div>\n","protected":false},"excerpt":{"rendered":"<p>MAI 2026 t\u00e9l\u00e9chargez &#8211; main site t\u00e9l\u00e9chargez &#8211; satellite site AVRIL 2026 t\u00e9l\u00e9chargez &#8211; main site t\u00e9l\u00e9chargez &#8211; satellite site&#8230;<\/p>\n","protected":false},"author":1,"featured_media":0,"parent":213,"menu_order":0,"comment_status":"closed","ping_status":"closed","template":"template-calendars.php","meta":{"_acf_changed":false,"footnotes":""},"class_list":["post-234","page","type-page","status-publish","hentry"],"acf":[],"_links":{"self":[{"href":"https:\/\/www.wnccc.ca\/fr\/wp-json\/wp\/v2\/pages\/234","targetHints":{"allow":["GET"]}}],"collection":[{"href":"https:\/\/www.wnccc.ca\/fr\/wp-json\/wp\/v2\/pages"}],"about":[{"href":"https:\/\/www.wnccc.ca\/fr\/wp-json\/wp\/v2\/types\/page"}],"author":[{"embeddable":true,"href":"https:\/\/www.wnccc.ca\/fr\/wp-json\/wp\/v2\/users\/1"}],"replies":[{"embeddable":true,"href":"https:\/\/www.wnccc.ca\/fr\/wp-json\/wp\/v2\/comments?post=234"}],"version-history":[{"count":90,"href":"https:\/\/www.wnccc.ca\/fr\/wp-json\/wp\/v2\/pages\/234\/revisions"}],"predecessor-version":[{"id":3452,"href":"https:\/\/www.wnccc.ca\/fr\/wp-json\/wp\/v2\/pages\/234\/revisions\/3452"}],"up":[{"embeddable":true,"href":"https:\/\/www.wnccc.ca\/fr\/wp-json\/wp\/v2\/pages\/213"}],"wp:attachment":[{"href":"https:\/\/www.wnccc.ca\/fr\/wp-json\/wp\/v2\/media?parent=234"}],"curies":[{"name":"wp","href":"https:\/\/api.w.org\/{rel}","templated":true}]}}