{"id":294,"date":"2018-10-22T11:34:52","date_gmt":"2018-10-22T15:34:52","guid":{"rendered":"http:\/\/www.wnccc.ca\/?page_id=294"},"modified":"2023-04-24T13:17:55","modified_gmt":"2023-04-24T17:17:55","slug":"ecole-la-resurrection","status":"publish","type":"page","link":"https:\/\/www.wnccc.ca\/fr\/services\/programmes-francais\/ecole-la-resurrection\/","title":{"rendered":"La Niche des lionceaux"},"content":{"rendered":"<h2>SERVICES DE QUALIT\u00c9!<\/h2>\n<p>Le service de garde La niche des lionceaux est un service de garde offert par la Corporation des services de garde d\u2019enfants de Nipissing Ouest, \u00e0 l\u2019\u00e9cole catholique La R\u00e9surrection.<\/p>\n<p>Ce service de garde dessert les enfants de la naissance \u00e0 l\u2019\u00e2ge de 12 ans.<\/p>\n<p>Le but de ce service est de promouvoir le d\u00e9veloppement optimal de l\u2019enfant afin qu\u2019il se d\u00e9veloppe \u00e0 son plein potentiel et qu\u2019il soit pr\u00eat pour son entr\u00e9e dans le syst\u00e8me scolaire.<\/p>\n<p>Le code d\u2019\u00e9thique de l\u2019\u00e9cole ainsi que l\u2019\u00e9nonc\u00e9 de programme de la Corporation des services de garde d\u2019enfants de Nipissing Ouest sont incorpor\u00e9s dans la routine journali\u00e8re<\/p>\n<h3>ASSURANCE DE QUALIT\u00c9<\/h3>\n<p>Nous offrons un service de qualit\u00e9, en participant au programme d\u2019assurance de qualit\u00e9 du Conseil d\u2019administration des services sociaux du district de Nipissing. La mise en \u0153uvre du programme fait en sorte que les enfants et les parents re\u00e7oivent un service de qualit\u00e9.<\/p>\n<p>Un sondage est toujours disponible aux parents afin de s\u2019assurer que le service rencontre vos besoins.<\/p>\n<p>Le document Comment apprend-on? \u00ab oriente notre programmation et la p\u00e9dagogie. Nous jouons un r\u00f4le important dans le d\u00e9veloppement sain, le bien-\u00eatre, l\u2019apprentissage et l\u2019importance de bien \u00e9quiper tous les enfants \u00e0 notre charge, pour l\u2019avenir.<\/p>\n<h3>LES EMPLOY\u00c9S<\/h3>\n<p>Les employ\u00e9s embauch\u00e9s \u00e0 plein temps sont dipl\u00f4m\u00e9s du programme d\u2019\u00e9ducation de la petite enfance d\u2019un coll\u00e8ge et inscrits au Coll\u00e8ge des EPE. Certaines et certains \u00e9ducateurs et \u00e9ducatrices d\u00e9tiennent une \u00e9quivalence reconnu par l\u2019\u00c9DU (minist\u00e8re de l\u2019\u00e9ducation).<\/p>\n<h3>LE MINIST\u00c8RE<\/h3>\n<p>Puisque ce service est licenci\u00e9 par le Minist\u00e8re de l\u2019\u00e9ducation, il incombe \u00e0 la conseill\u00e8re ou au conseiller en programme d\u2019\u00e9valuer la conformit\u00e9 aux exigences du centre de garde, une fois l\u2019an.<\/p>\n<h3>AIDE FINANCI\u00c8RE<\/h3>\n<p>L\u2019aide financi\u00e8re est disponible pour les parents qui rencontrent les crit\u00e8res. Vous pouvez communiquer avec le Conseil d\u2019administration des services sociaux du district de Nipissing en signalant le <a class=\"dial\" href=\"tel:7057535411 \">705-753-5411<\/a> poste 3235.<\/p>\n<h3>SERVICES<\/h3>\n<ul>\n<li>Administration<\/li>\n<li>La Passerelle<\/li>\n<li>ON y va-Centre pour l\u2019enfant et la famille<\/li>\n<\/ul>\n<p>Pour de plus amples renseignements :<\/p>\n<p><strong>T\u00e9l\u00e9 :<\/strong> <a class=\"dial\" href=\"tel:7057535757\">705-753-5757<\/a><br \/>\n<strong>T\u00e9l\u00e9c :<\/strong> <a class=\"dial\" href=\"tel:7057531771\">705-753-1771<\/a><br \/>\n<strong>Couriel :<\/strong> <a href=\"mailto:lnd@wnccc.ca\">lnd@wnccc.ca<\/a><\/p>\n","protected":false},"excerpt":{"rendered":"<p>SERVICES DE QUALIT\u00c9! Le service de garde La niche des lionceaux est un service de garde offert par la Corporation&#8230;<\/p>\n","protected":false},"author":1,"featured_media":966,"parent":301,"menu_order":0,"comment_status":"closed","ping_status":"closed","template":"","meta":{"_acf_changed":false,"footnotes":""},"class_list":["post-294","page","type-page","status-publish","has-post-thumbnail","hentry"],"acf":[],"_links":{"self":[{"href":"https:\/\/www.wnccc.ca\/fr\/wp-json\/wp\/v2\/pages\/294","targetHints":{"allow":["GET"]}}],"collection":[{"href":"https:\/\/www.wnccc.ca\/fr\/wp-json\/wp\/v2\/pages"}],"about":[{"href":"https:\/\/www.wnccc.ca\/fr\/wp-json\/wp\/v2\/types\/page"}],"author":[{"embeddable":true,"href":"https:\/\/www.wnccc.ca\/fr\/wp-json\/wp\/v2\/users\/1"}],"replies":[{"embeddable":true,"href":"https:\/\/www.wnccc.ca\/fr\/wp-json\/wp\/v2\/comments?post=294"}],"version-history":[{"count":7,"href":"https:\/\/www.wnccc.ca\/fr\/wp-json\/wp\/v2\/pages\/294\/revisions"}],"predecessor-version":[{"id":2424,"href":"https:\/\/www.wnccc.ca\/fr\/wp-json\/wp\/v2\/pages\/294\/revisions\/2424"}],"up":[{"embeddable":true,"href":"https:\/\/www.wnccc.ca\/fr\/wp-json\/wp\/v2\/pages\/301"}],"wp:featuredmedia":[{"embeddable":true,"href":"https:\/\/www.wnccc.ca\/fr\/wp-json\/wp\/v2\/media\/966"}],"wp:attachment":[{"href":"https:\/\/www.wnccc.ca\/fr\/wp-json\/wp\/v2\/media?parent=294"}],"curies":[{"name":"wp","href":"https:\/\/api.w.org\/{rel}","templated":true}]}}