{"id":296,"date":"2018-10-22T11:35:08","date_gmt":"2018-10-22T15:35:08","guid":{"rendered":"http:\/\/www.wnccc.ca\/?page_id=296"},"modified":"2023-04-24T13:35:44","modified_gmt":"2023-04-24T17:35:44","slug":"la-ruche-des-petites-abeilles","status":"publish","type":"page","link":"https:\/\/www.wnccc.ca\/fr\/services\/programmes-francais\/la-ruche-des-petites-abeilles\/","title":{"rendered":"La Ruche des petites abeilles"},"content":{"rendered":"<h2>SERVICES DE QUALIT\u00c9!<\/h2>\n<p>Sous la tutelle de la Corporation des services de garde d\u2019enfants de Nipissing Ouest, les employ\u00e9s de La ruche des petites abeilles situ\u00e9e \u00e0 l\u2019\u00e9cole Ste Marguerite d\u2019Youville de Verner, offrent des services de qualit\u00e9 \u00e0 tous les enfants et leurs parents.<\/p>\n<p>Ce service de garde dessert les enfants de 18 mois \u00e0 12 ans inclusivement.<\/p>\n<p>Nous occupons deux locaux , un pour les enfants de 18 mois \u00e0 4 ans et un autre local pour les enfants qui b\u00e9n\u00e9ficient des services avant et apr\u00e8s l\u2019\u00e9cole.<\/p>\n<p>Notre approche est influenc\u00e9e des quatre fondements de l\u2019apprentissage : l\u2019appartenance, le bien-\u00eatre, l\u2019engagement et l\u2019expression.<\/p>\n<p>Le document Comment apprend-on? oriente notre programmation et la p\u00e9dagogie. Nous jouons un grand r\u00f4le dans le d\u00e9veloppement sain, le bien-\u00eatre, l\u2019apprentissage et l\u2019importance de bien \u00e9quiper tous les enfants \u00e0 notre charge pour l\u2019avenir.<\/p>\n<p>Le code d\u2019\u00e9thique de l\u2019\u00e9cole est incorpor\u00e9 dans la routine journali\u00e8re ainsi que l\u2019\u00e9nonc\u00e9 de programme de la Corporation des services de garde d\u2019enfants de Nipissing Ouest.<\/p>\n<h3>ASSURANCE DE QUALIT\u00c9<\/h3>\n<p>Le Conseil d\u2019administration des services sociaux du district de Nipissing, en collaboration avec le centre de service de garde de La ruche des petites abeilles, s\u2019assurent que des services de qualit\u00e9 sont offerts \u00e0 tous nos enfants et leurs familles.<\/p>\n<p>Un sondage est toujours disponible aux parents afin de s\u2019assurer que le service rencontre vos besoins.<\/p>\n<h3>LES EMPLOY\u00c9S<\/h3>\n<p>Les employ\u00e9s embauch\u00e9s \u00e0 plein temps sont dipl\u00f4m\u00e9s du programme d\u2019\u00e9ducation de la petite enfance et inscrite au Coll\u00e8ge des EPE. Certaines et certains \u00e9ducateurs et \u00e9ducatrices ont une \u00e9quivalence reconnu par le Minist\u00e8re de l\u2019\u00e9ducation.<\/p>\n<h3>LE MINIST\u00c8RE<\/h3>\n<p>Puisque ce service est licenci\u00e9 par le Minist\u00e8re de l\u2019\u00e9ducation, il incombe \u00e0 la conseill\u00e8re ou au conseiller en programme d\u2019inspecter le centre de garde une fois l\u2019an.<\/p>\n<h3>AIDE FINANCI\u00c8RE<\/h3>\n<p>L\u2019aide financi\u00e8re est disponible pour les parents qui rencontrent les crit\u00e8res. Vous pouvez communiquer avec le Conseil d\u2019administration des services sociaux du district de Nipissing et en signalant<br \/>\nle <a class=\"dial\" href=\"tel:7055941090\">705-594-1090<\/a><\/p>\n<h3>SERVICES<\/h3>\n<ul>\n<li>Administration<\/li>\n<li>La Passerelle<\/li>\n<li>ON y va!-Centre pour l\u2019enfant et la famille<\/li>\n<\/ul>\n<p>Pour toutes questions quant services offerts nous vous demandons de composer<br \/>\nle <a href=\"tel:7055941090\">705-594-1090<\/a><br \/>\n<strong>Couriel : <\/strong> <a href=\"mailto:rdpa@wnccc.ca\">rdpa@wnccc.ca<\/a><\/p>\n","protected":false},"excerpt":{"rendered":"<p>SERVICES DE QUALIT\u00c9! Sous la tutelle de la Corporation des services de garde d\u2019enfants de Nipissing Ouest, les employ\u00e9s de&#8230;<\/p>\n","protected":false},"author":1,"featured_media":1001,"parent":301,"menu_order":0,"comment_status":"closed","ping_status":"closed","template":"","meta":{"_acf_changed":false,"footnotes":""},"class_list":["post-296","page","type-page","status-publish","has-post-thumbnail","hentry"],"acf":[],"_links":{"self":[{"href":"https:\/\/www.wnccc.ca\/fr\/wp-json\/wp\/v2\/pages\/296","targetHints":{"allow":["GET"]}}],"collection":[{"href":"https:\/\/www.wnccc.ca\/fr\/wp-json\/wp\/v2\/pages"}],"about":[{"href":"https:\/\/www.wnccc.ca\/fr\/wp-json\/wp\/v2\/types\/page"}],"author":[{"embeddable":true,"href":"https:\/\/www.wnccc.ca\/fr\/wp-json\/wp\/v2\/users\/1"}],"replies":[{"embeddable":true,"href":"https:\/\/www.wnccc.ca\/fr\/wp-json\/wp\/v2\/comments?post=296"}],"version-history":[{"count":10,"href":"https:\/\/www.wnccc.ca\/fr\/wp-json\/wp\/v2\/pages\/296\/revisions"}],"predecessor-version":[{"id":2430,"href":"https:\/\/www.wnccc.ca\/fr\/wp-json\/wp\/v2\/pages\/296\/revisions\/2430"}],"up":[{"embeddable":true,"href":"https:\/\/www.wnccc.ca\/fr\/wp-json\/wp\/v2\/pages\/301"}],"wp:featuredmedia":[{"embeddable":true,"href":"https:\/\/www.wnccc.ca\/fr\/wp-json\/wp\/v2\/media\/1001"}],"wp:attachment":[{"href":"https:\/\/www.wnccc.ca\/fr\/wp-json\/wp\/v2\/media?parent=296"}],"curies":[{"name":"wp","href":"https:\/\/api.w.org\/{rel}","templated":true}]}}