{"id":299,"date":"2018-10-22T11:35:48","date_gmt":"2018-10-22T11:35:48","guid":{"rendered":"http:\/\/www.wnccc.ca\/?page_id=299"},"modified":"2023-04-24T13:23:12","modified_gmt":"2023-04-24T17:23:12","slug":"la-taniere-des-tout-petits","status":"publish","type":"page","link":"https:\/\/www.wnccc.ca\/fr\/services\/programmes-francais\/la-taniere-des-tout-petits\/","title":{"rendered":"La Tani\u00e8re des tout-petits"},"content":{"rendered":"<h3>SERVICES DE QUALIT\u00c9S CONTINUELS!<\/h3>\n<p>Sous la tutelle de la Corporation des services de garde d\u2019enfants de Nipissing Ouest, les employ\u00e9s de La tani\u00e8re des tout-petits de Sturgeon Falls, offrent des services de qualit\u00e9 \u00e0 tous les enfants et leurs parents.<\/p>\n<p>La tani\u00e8re des tout-petits dessert les enfants de la naissance \u00e0 l\u2019\u00e2ge de 12 ans.<\/p>\n<p>Notre approche est influenc\u00e9e par les quatre fondements de l\u2019apprentissage : l\u2019appartenance, le bien-\u00eatre, l\u2019engagement et l\u2019expression.<\/p>\n<p>Le document, Comment apprend-on? oriente notre programmation et notre p\u00e9dagogie. Nous jouons un grand r\u00f4le dans le d\u00e9veloppement sain, le bien-\u00eatre, l\u2019apprentissage et l\u2019importance de bien \u00e9quiper tous les enfants \u00e0 notre charge, pour l\u2019avenir.<\/p>\n<p>Le code de d\u00e9ontologie et normes d\u2019exercice mandat\u00e9 par l\u2019Ordre des \u00e9ducatrices et des \u00e9ducateurs de la petite enfance, le code d\u2019\u00e9thique de l\u2019\u00e9cole et l\u2019\u00e9nonc\u00e9 de programme de la Corporation des services de garde d\u2019enfants de Nipissing Ouest, sont incorpor\u00e9s dans la routine journali\u00e8re.<\/p>\n<h3>ASSURANCE DE QUALIT\u00c9<\/h3>\n<p>Le Conseil d\u2019administration des services sociaux du district de Nipissing, en collaboration avec le centre de service de garde La tani\u00e8re des tout-petits, s\u2019assurent que des services de qualit\u00e9 sont offerts \u00e0 tous nos enfants ainsi qu\u2019\u00e0 leurs familles.<\/p>\n<p>Un sondage est disponible aux parents afin de s\u2019assurer que le service r\u00e9pond \u00e0 vos besoins.<\/p>\n<h3>LES EMPLOY\u00c9S<\/h3>\n<p>Les employ\u00e9s embauch\u00e9s \u00e0 temps plein sont dipl\u00f4m\u00e9s du programme d\u2019\u00e9ducation de la petite enfance et inscrits au Coll\u00e8ge des EPE. Certains \u00e9ducateurs et certaines \u00e9ducatrices d\u00e9tiennent une \u00e9quivalence reconnue par le M\u00c9O<\/p>\n<h3>LE MINIST\u00c8RE<\/h3>\n<p>Puisque ce service est licenci\u00e9 par le Minist\u00e8re de l\u2019\u00e9ducation, il incombe \u00e0 la conseill\u00e8re ou au conseiller en programme d\u2019\u00e9valuer la conformit\u00e9 aux exigences du centre de garde une fois l\u2019an.<\/p>\n<h3>AIDE FINANCI\u00c8RE<\/h3>\n<p>L\u2019aide financi\u00e8re est disponible pour les parents qui qualifient.<\/p>\n<h3>SERVICES<\/h3>\n<ul>\n<li>Administration<\/li>\n<li>La tani\u00e8re des tout- petits<\/li>\n<li>La Passerelle<\/li>\n<li>ON y va-Centre pour l\u2019enfant et la famille<\/li>\n<\/ul>\n<p>Vous pouvez communiquer avec le Conseil d\u2019administration des services sociaux du district de Nipissing en signalant le <a class=\"dial\" href=\"tel:7057535400\">705-753-5400<\/a> poste 3235.<\/p>\n<p>Pour de plus amples renseignements au sujet du service de garde La tani\u00e8re des tout-petits, vous pouvez composer le<\/p>\n<p><strong>T\u00e9l\u00e9phone :<\/strong> <a class=\"dial\" href=\"tel:7057531123\">705-753-1123<\/a><br \/>\n<strong>Couriel :<\/strong> <a href=\"mailto:tdtp@wnccc.ca\">tdtp@wnccc.ca<\/a><\/p>\n","protected":false},"excerpt":{"rendered":"<p>SERVICES DE QUALIT\u00c9S CONTINUELS! Sous la tutelle de la Corporation des services de garde d\u2019enfants de Nipissing Ouest, les employ\u00e9s&#8230;<\/p>\n","protected":false},"author":1,"featured_media":770,"parent":301,"menu_order":0,"comment_status":"closed","ping_status":"closed","template":"","meta":{"_acf_changed":false,"footnotes":""},"class_list":["post-299","page","type-page","status-publish","has-post-thumbnail","hentry"],"acf":[],"_links":{"self":[{"href":"https:\/\/www.wnccc.ca\/fr\/wp-json\/wp\/v2\/pages\/299","targetHints":{"allow":["GET"]}}],"collection":[{"href":"https:\/\/www.wnccc.ca\/fr\/wp-json\/wp\/v2\/pages"}],"about":[{"href":"https:\/\/www.wnccc.ca\/fr\/wp-json\/wp\/v2\/types\/page"}],"author":[{"embeddable":true,"href":"https:\/\/www.wnccc.ca\/fr\/wp-json\/wp\/v2\/users\/1"}],"replies":[{"embeddable":true,"href":"https:\/\/www.wnccc.ca\/fr\/wp-json\/wp\/v2\/comments?post=299"}],"version-history":[{"count":8,"href":"https:\/\/www.wnccc.ca\/fr\/wp-json\/wp\/v2\/pages\/299\/revisions"}],"predecessor-version":[{"id":2427,"href":"https:\/\/www.wnccc.ca\/fr\/wp-json\/wp\/v2\/pages\/299\/revisions\/2427"}],"up":[{"embeddable":true,"href":"https:\/\/www.wnccc.ca\/fr\/wp-json\/wp\/v2\/pages\/301"}],"wp:featuredmedia":[{"embeddable":true,"href":"https:\/\/www.wnccc.ca\/fr\/wp-json\/wp\/v2\/media\/770"}],"wp:attachment":[{"href":"https:\/\/www.wnccc.ca\/fr\/wp-json\/wp\/v2\/media?parent=299"}],"curies":[{"name":"wp","href":"https:\/\/api.w.org\/{rel}","templated":true}]}}