{"id":303,"date":"2018-10-22T11:37:30","date_gmt":"2018-10-22T15:37:30","guid":{"rendered":"http:\/\/www.wnccc.ca\/?page_id=303"},"modified":"2023-05-04T16:04:38","modified_gmt":"2023-05-04T20:04:38","slug":"service-de-garde-des-louveetaux","status":"publish","type":"page","link":"https:\/\/www.wnccc.ca\/fr\/services\/programmes-francais\/service-de-garde-des-louveetaux\/","title":{"rendered":"Service de garde des louveteaux"},"content":{"rendered":"<h3>SERVICES DE QUALIT\u00c9S CONTINUELS!<\/h3>\n<p>Le service de garde des Louveteaux est un service de garde offert par la Corporation des services de garde d\u2019enfants de Nipissing Ouest.<\/p>\n<p>Ce service offre des services de garde aux enfants de 15 mois \u00e0 12 ans inclusivement.<\/p>\n<p>Notre but est de promouvoir le d\u00e9veloppement optimal de l\u2019enfant afin qu\u2019il d\u00e9veloppe son plein potentiel et qu\u2019il soit pr\u00eat pour son entr\u00e9e dans le syst\u00e8me scolaire.<\/p>\n<p>Le code d\u2019\u00e9thique de l\u2019\u00e9cole est incorpor\u00e9 dans la routine journali\u00e8re ainsi que l\u2019\u00e9nonc\u00e9 de programme de la Corporation des services de garde d\u2019enfants de Nipissing Ouest.<\/p>\n<p>Le document Comment apprend-on? oriente notre programmation et la p\u00e9dagogie. Nous jouons un grand r\u00f4le dans le d\u00e9veloppement sain, le bien-\u00eatre, l\u2019apprentissage et l\u2019importance de bien \u00e9quiper tous les enfants \u00e0 notre charge, pour l\u2019avenir.<\/p>\n<h3>ASSURANCE DE QUALIT\u00c9<\/h3>\n<p>Le Conseil d\u2019administration d services sociaux du district de Nipissing, en collaboration avec le service de garde des Louveteaux, s\u2019assurent que des services de qualit\u00e9s sont offerts \u00e0 tous les enfants et leurs familles.<\/p>\n<h3>LES EMPLOY\u00c9S<\/h3>\n<p>Les employ\u00e9s embauch\u00e9s \u00e0 temps plein sont dipl\u00f4m\u00e9s du programme d\u2019\u00e9ducation de la petite enfance d\u2019un coll\u00e8ge ou ont une \u00e9quivalence et ont \u00e9t\u00e9 approuv\u00e9s par le Minist\u00e8re de l\u2019\u00e9ducation.<\/p>\n<h3>LE MINIST\u00c8RE<\/h3>\n<p>Puisque ce service est licenci\u00e9 sous le Minist\u00e8re de l\u2019\u00e9ducation, il incombe \u00e0 la conseill\u00e8re ou au conseiller en programme d\u2019\u00e9valuer la conformit\u00e9 aux exigences du centre de garde, une fois l\u2019an.<\/p>\n<h3>AIDE FINANCI\u00c8RE<\/h3>\n<p>L\u2019aide financi\u00e8re est disponible pour les parents qui rencontrent les crit\u00e8res. Vous pouvez communiquer le Conseil d\u2019administration des services sociaux du district de Nipissing en signa\u00ablant le <a class=\"dial\" href=\"tel:7054741923\">705-474-1923<\/a>.<\/p>\n<h3>SERVICES<\/h3>\n<ul>\n<li>Administration<\/li>\n<li>Le service de garde des Louveteaux<\/li>\n<li>La niche des lionceaux<\/li>\n<li>La ruche des petites abeilles<\/li>\n<li>La tani\u00e8re des tout &#8211; petits<\/li>\n<li>Garde centralis\u00e9e<\/li>\n<li>Garde en milieu familial<\/li>\n<li>La Passerelle<\/li>\n<li>ON y va-Centre pour l\u2019enfant et la famille<\/li>\n<\/ul>\n<p>Pour de plus amples renseignements au sujet du service de garde des louveteaux, vous pouvez composer le<\/p>\n<p><a class=\"dial\" href=\"tel:7057535289\">705-753-5289<\/a><br \/>\n<strong>Couriel :<\/strong> <a href=\"mailto:sdgl@wnccc.ca\">sdgl@wnccc.ca<\/a><\/p>\n","protected":false},"excerpt":{"rendered":"<p>SERVICES DE QUALIT\u00c9S CONTINUELS! Le service de garde des Louveteaux est un service de garde offert par la Corporation des&#8230;<\/p>\n","protected":false},"author":1,"featured_media":999,"parent":301,"menu_order":0,"comment_status":"closed","ping_status":"closed","template":"","meta":{"_acf_changed":false,"footnotes":""},"class_list":["post-303","page","type-page","status-publish","has-post-thumbnail","hentry"],"acf":[],"_links":{"self":[{"href":"https:\/\/www.wnccc.ca\/fr\/wp-json\/wp\/v2\/pages\/303","targetHints":{"allow":["GET"]}}],"collection":[{"href":"https:\/\/www.wnccc.ca\/fr\/wp-json\/wp\/v2\/pages"}],"about":[{"href":"https:\/\/www.wnccc.ca\/fr\/wp-json\/wp\/v2\/types\/page"}],"author":[{"embeddable":true,"href":"https:\/\/www.wnccc.ca\/fr\/wp-json\/wp\/v2\/users\/1"}],"replies":[{"embeddable":true,"href":"https:\/\/www.wnccc.ca\/fr\/wp-json\/wp\/v2\/comments?post=303"}],"version-history":[{"count":11,"href":"https:\/\/www.wnccc.ca\/fr\/wp-json\/wp\/v2\/pages\/303\/revisions"}],"predecessor-version":[{"id":2435,"href":"https:\/\/www.wnccc.ca\/fr\/wp-json\/wp\/v2\/pages\/303\/revisions\/2435"}],"up":[{"embeddable":true,"href":"https:\/\/www.wnccc.ca\/fr\/wp-json\/wp\/v2\/pages\/301"}],"wp:featuredmedia":[{"embeddable":true,"href":"https:\/\/www.wnccc.ca\/fr\/wp-json\/wp\/v2\/media\/999"}],"wp:attachment":[{"href":"https:\/\/www.wnccc.ca\/fr\/wp-json\/wp\/v2\/media?parent=303"}],"curies":[{"name":"wp","href":"https:\/\/api.w.org\/{rel}","templated":true}]}}