{"id":609,"date":"2019-05-20T11:23:34","date_gmt":"2019-05-20T15:23:34","guid":{"rendered":"http:\/\/www.wnccc.ca\/?page_id=609"},"modified":"2019-09-12T17:15:46","modified_gmt":"2019-09-12T21:15:46","slug":"ressources-communautaires","status":"publish","type":"page","link":"https:\/\/www.wnccc.ca\/fr\/a-propos\/ressources-communautaires\/","title":{"rendered":"Ressources communautaires"},"content":{"rendered":"<h3>Liens communautaires:<\/h3>\n<ul>\n<li><a href=\"parentsguidefrench.htm\">Guide des parents aux services de garde de qualit\u00e9<\/a><\/li>\n<li><a href=\"http:\/\/www.gov.on.ca\/\">Les services de garde d&rsquo;enfants en Ontario<\/a><\/li>\n<li><a href=\"childrensservicespamphletfrench.pdf\">Qui est admissible pour les places de garde subventionn\u00e9es?<\/a><\/li>\n<li><a href=\"activitykitfrench.htm\">Trousse de jeux actifs<\/a><\/li>\n<li><a href=\"http:\/\/www.wnpl.ca\">Biblioth\u00e8que Publique de Nipissing Ouest<\/a><\/li>\n<li><a href=\"http:\/\/www.Ontario.ca\/SaineAlimentation\">Des questions sur la saine alimentation?<\/a><br \/><a href=\"tel:18775105102\" class=\"dial\">1-877-510-5102<\/a><\/li>\n<li><a href=\"http:\/\/www.dnssab.on.ca\/cs.htm\">Conseil d&rsquo;administration des services sociaux du district de Nipissing<\/a><br \/>T\u00e9l\u00e9phone : <a href=\"tel:7054742151\" class=\"dial\">(705) 474-2151<\/a><br \/>Sans frais : <a href=\"tel:18778295121\" class=\"dial\">1-877-829-5121<\/a><br \/>T\u00e9l\u00e9c : <a href=\"tel:7054748985\" class=\"dial\">(705) 474-8985<\/a><\/li>\n<li><a href=\"http:\/\/www.cscno-wnchc.org\">Centre de sant\u00e9 communautaire de Nipissing Ouest<\/a><\/li>\n<li><a href=\"http:\/\/www.health.gov.on.ca\/french\/publicf\/programf\/telehealthf\/telehealth_mnf.html\">T\u00e9l\u00e9sant\u00e9 Ontario<\/a><br \/>T\u00e9l :  <a href=\"tel:18667970000\" class=\"dial\">1-866-797-0000<\/a><\/li>\n<li><a href=\"http:\/\/www.csdne.edu.on.ca\/\">Conseil Scolaire public du Nord-Est de l&rsquo;Ontario<\/a><\/li>\n<li><a href=\"http:\/\/www.franco-nord.edu.on.ca\/franco-nord\/_accueil\/accueil.aspx\">Conseil scolaire catholique Franco-Nord<\/a><\/li>\n<li><a href=\"http:\/\/www.parnipcas.org\">Soci\u00e9te d&rsquo;aide a l&rsquo;enfance<\/a><\/li>\n<li><a href=\"http:\/\/www.gov.on.ca\/children\/oeyc\/fr\/index.html\">Les centres de d\u00e9veloppement de la petite enfance de l&rsquo;Ontario<\/a><\/li>\n<li><a href=\"http:\/\/www.thefamilyhelpnetwork.ca\/\">Le r\u00e9seau d&rsquo;aide aux familles<\/a><\/li>\n<li><a href=\"http:\/\/www.healthunit.biz\/index.asp\">Bureau de sant\u00e9<\/a><\/li>\n<li><a href=\"http:\/\/www.westnipissing.ca\/home.html\"> Municipalit\u00e9 de Nipissing Ouest<\/a><\/li>\n<li><a href=\"http:\/\/www.qualiteservicesdegardecanada.ca\">Qualit\u00e9 services de garde Canada<\/a><\/li>\n<li><a href=\"http:\/\/www.onekidsplace.ca\">La Place Des Enfants<\/a><\/li>\n<li><a href=\"http:\/\/www.dnssab.on.ca\/\">Integration des services sociaux du Nipissing<\/a><\/li>\n<li><a href=\"http:\/\/www.educatout.com\">educatout.com<\/a><\/li>\n<li><a href=\"http:\/\/www.msdsb.net\" target=\"_blank\">garde en milieu familial sudbury est<\/a><\/li>\n<li><a href=\"http:\/\/infogarderies.on.ca\/\">infogarderies.on.ca<\/a><\/li>\n<li><a href=\"http:\/\/www.ziraf.com\">ziraf.com<\/a><\/li>\n<li><a href=\"http:\/\/www.joiedevivre.ca\/joie-de-vivre\">joiedevivre.ca<\/a><\/li>\n<li><a href=\"resourcecentreenglish.htm\">Autres ressources<\/a><\/li>\n<li><a href=\"http:\/\/www.avousdejouerensemble.ca\" class=\"ballfr\">avousdejouerensemble.ca<\/a><\/li>\n<li><a href=\"http:\/\/www.infomommy.com\">infomommy.com<\/a><\/li>\n<li><a href=\"http:\/\/www.avousdejouerensemble.ca\">http:\/\/www.avousdejouerensemble.ca<\/a><\/li>\n<li><a href=\"http:\/\/www.mamanpourlavie.com\/\">http:\/\/www.mamanpourlavie.com\/<\/a><\/li>\n<li><a href=\"http:\/\/www.childcareland.com:80\/free.html\">http:\/\/www.childcareland.com:80\/free.html<\/a><\/li>\n<li><a href=\"http:\/\/fr.nexussante.ca\">http:\/\/fr.nexussante.ca<\/a><\/li>\n<li><a href=\"http:\/\/www.edu.gov.on.ca\/gardedenfants\/index.htm\">http:\/\/www.edu.gov.on.ca\/gardedenfants\/index.html<\/a><\/li>\n<\/ul>\n<h3>Ressources pour enfants:<\/h3>\n<ul>\n<li><a href=\"http:\/\/www.crayola.com\">Crayola<\/a><\/li>\n<li><a href=\"http:\/\/chezlorry.ca\/Accueil.htm\">Chez Lorry<\/a><\/li>\n<li><a href=\"http:\/\/creation.qc.ca\/\">Creation<\/a><\/li>\n<li><a href=\"http:\/\/www.lesdebrouillards.qc.ca\">&lsquo;D\u00e9brouillards<\/a><\/li>\n<li><a href=\"http:\/\/www.momes.net\/\">Momes.net<\/a><\/li>\n<li><a href=\"http:\/\/www.nationalgeographic.com\/kids\/activities\">National Geographic Kids<\/a><\/li>\n<li><a href=\"http:\/\/pbskids.org\/\">PBS Kids<\/a><\/li>\n<\/ul>\n","protected":false},"excerpt":{"rendered":"<p>Liens communautaires: Guide des parents aux services de garde de qualit\u00e9 Les services de garde d&rsquo;enfants en Ontario Qui est&#8230;<\/p>\n","protected":false},"author":1,"featured_media":0,"parent":108,"menu_order":0,"comment_status":"closed","ping_status":"closed","template":"","meta":{"_acf_changed":false,"footnotes":""},"class_list":["post-609","page","type-page","status-publish","hentry"],"acf":[],"_links":{"self":[{"href":"https:\/\/www.wnccc.ca\/fr\/wp-json\/wp\/v2\/pages\/609","targetHints":{"allow":["GET"]}}],"collection":[{"href":"https:\/\/www.wnccc.ca\/fr\/wp-json\/wp\/v2\/pages"}],"about":[{"href":"https:\/\/www.wnccc.ca\/fr\/wp-json\/wp\/v2\/types\/page"}],"author":[{"embeddable":true,"href":"https:\/\/www.wnccc.ca\/fr\/wp-json\/wp\/v2\/users\/1"}],"replies":[{"embeddable":true,"href":"https:\/\/www.wnccc.ca\/fr\/wp-json\/wp\/v2\/comments?post=609"}],"version-history":[{"count":3,"href":"https:\/\/www.wnccc.ca\/fr\/wp-json\/wp\/v2\/pages\/609\/revisions"}],"predecessor-version":[{"id":957,"href":"https:\/\/www.wnccc.ca\/fr\/wp-json\/wp\/v2\/pages\/609\/revisions\/957"}],"up":[{"embeddable":true,"href":"https:\/\/www.wnccc.ca\/fr\/wp-json\/wp\/v2\/pages\/108"}],"wp:attachment":[{"href":"https:\/\/www.wnccc.ca\/fr\/wp-json\/wp\/v2\/media?parent=609"}],"curies":[{"name":"wp","href":"https:\/\/api.w.org\/{rel}","templated":true}]}}